{"id":40213,"date":"2022-09-21T14:34:24","date_gmt":"2022-09-21T14:34:24","guid":{"rendered":"https:\/\/escac.com\/?page_id=40213"},"modified":"2024-04-16T12:43:21","modified_gmt":"2024-04-16T12:43:21","slug":"avis-legal","status":"publish","type":"page","link":"https:\/\/escac.com\/ca\/avis-legal\/","title":{"rendered":"Av\u00eds Legal Web de l&#8217;Escola Superior de Cinema i Audiovisuals de Catalunya"},"content":{"rendered":"<h3>1. IDENTIFICACI\u00d3 DEL TITULAR DEL DOMINI<\/h3>\n<p>D\u2019acord amb el que disposa l\u2019article 10 de la Llei 34\/2002, de 11 de juliol, de Serveis de la Societat de la Informaci\u00f3 i del Comer\u00e7 Electr\u00f2nic,<br \/>\nus informem que:<br \/>\nEl titular de la web \u00e9s la Fundaci\u00f3 Privada Escola Superior de Cinema i Audiovisuals de Catalunya (en endavant, ESCAC), amb domicili en la Pla\u00e7a de la Farinera n\u00ba 9, 08222 Terrassa (Barcelona), amb NIF G60464229, inscrita al Registre Fundacions.<br \/>\nCorreu electr\u00f2nic de contacte: info@escac.es<br \/>\nTel\u00e8fon: +34 937 361 555<br \/>\nDades de l\u2019autoritzaci\u00f3 administrativa: 760<\/p>\n<h3>2. NORMES D\u2019\u00daS DEL PORTAL<\/h3>\n<p>Qui accedeixi i faci servir aquest lloc web, tindr\u00e0 la consideraci\u00f3 d\u2019usuari. L\u2019usuari pel sol fet de ser-ho, accepta totes les condicions d\u2019\u00fas.<\/p>\n<p><strong>2.1. GEN\u00c8RIQUES<\/strong><\/p>\n<p>Est\u00e0 prohibit publicar en aquesta web, als nostres blogs, i dem\u00e9s eines de participaci\u00f3 de continguts que atemptin contra els seg\u00fcents principis:<\/p>\n<ul>\n<li>La salvaguarda de l\u2019ordre p\u00fablic, la investigaci\u00f3 penal, seguretat p\u00fablica i defensa nacional.<\/li>\n<li>La protecci\u00f3 de la salut p\u00fablica o de les persones f\u00edsiques que tinguin la condici\u00f3 de consumidors o usuaris.<\/li>\n<li>El respecte a la dignitat de la persona i al principi de no discriminaci\u00f3 per motius de ra\u00e7a, sexe, opini\u00f3, nacionalitat, discapacitat o qualsevol altra circumst\u00e0ncia personal o social.<\/li>\n<li>La protecci\u00f3 de la joventut i de la inf\u00e0ncia.<\/li>\n<li>El respecte a l\u2019autonomia de la voluntat de l\u2019afectat.<\/li>\n<li>El respecte a la propietat intel\u00b7lectual d\u2019all\u00f2 publicat.<\/li>\n<li>En general, el respecte a la legalitat vigent.<\/li>\n<\/ul>\n<p><strong>2.2. PARTICULARS<\/strong><\/p>\n<p>L\u2019usuari assumeix la responsabilitat de l\u2019\u00fas del portal. Aquesta responsabilitat s\u2019est\u00e9n al registre que fos necessari per accedir a determinats serveis o continguts. L\u2019usuari ser\u00e0 responsable d\u2019aportar informaci\u00f3 vera\u00e7 i l\u00edcita en el proc\u00e9s de registre.<br \/>\nL\u2019usuari es compromet a fer un \u00fas adequat dels continguts i serveis que el titular del domini ofereix a trav\u00e9s dels seus websites i eines de participaci\u00f3; amb car\u00e0cter enunciatiu per\u00f2 no limitador, tamb\u00e9 es compromet a no fer-les servir per a:<\/p>\n<ul>\n<li>Provocar danys als sistemes f\u00edsics i l\u00f2gics del responsable del tractament, dels seus prove\u00efdors o de terceres persones, introduir o difondre a la xarxa virus inform\u00e0tics o qualsevol altre sistema f\u00edsic o l\u00f2gic que sigui susceptible de provocar danys.<\/li>\n<li>Intentar accedir i, si s\u2019escau, utilitzar els comptes de correu electr\u00f2nic d\u2019altres usuaris i modificar o manipular els seus missatges.<br \/>\nEl titular del domini es reserva el dret de retirar tots els comentaris i aportacions que vulnerin el respecte a la dignitat de la persona, que siguin discriminatoris, xen\u00f2fobs, racistes, pornogr\u00e0fics que atemptin contra les persones, especialment, contra els interessos de la joventut o de la inf\u00e0ncia, l\u2019ordre o la seguretat p\u00fablica o que, no resultessin adequats per a la seva publicaci\u00f3 a criteri de la direcci\u00f3 del centre.<\/li>\n<\/ul>\n<p>En qualsevol cas, el titular del domini no \u00e9s responsable de les opinions manifestades pels usuaris a trav\u00e9s dels f\u00f2rums, xats, o altres eines de participaci\u00f3.<\/p>\n<p><strong>2.3. \u00daS DE CONTRASENYES<\/strong><\/p>\n<p>Per accedir a determinats continguts cal introduir un codi d\u2019usuari i una contrasenya. Si no en disposeu d\u2019una, podeu demanar-la a tic@escac.es.<br \/>\nUs informem que les contrasenyes s\u00f3n personals i intransferibles. L\u2019usuari \u00e9s l\u2019\u00fanic responsable de les conseq\u00fc\u00e8ncies que es puguin derivar de l\u2019\u00fas de la seva contrasenya.<br \/>\nPer a qualsevol incid\u00e8ncia amb les contrasenyes podeu contactar amb tic@escac.es.<\/p>\n<h3>3.- PROPIETAT INTEL\u00b7LECTUAL I INDUSTRIAL<\/h3>\n<p>El titular del domini \u00e9s titular de tots els drets de propietat intel\u00b7lectual i industrial de les seves p\u00e0gines web, com tamb\u00e9 ho \u00e9s de tot el seu contingut, de manera que tota reproducci\u00f3, distribuci\u00f3 i comunicaci\u00f3 p\u00fablica total o parcial del seu contingut queda expressament prohibida sense l\u2019autoritzaci\u00f3 expressa de la direcci\u00f3 del centre.<\/p>\n<h3>4.- RESPONSABILITAT<\/h3>\n<p>El titular del domini no es fa responsable dels danys i perjudicis que es puguin derivar d\u2019interfer\u00e8ncies o avaries telef\u00f2niques, desconnexions en el sistema electr\u00f2nic, pres\u00e8ncia de virus inform\u00e0tics, programes maliciosos o qualsevol altre factor ali\u00e8 al seu control.<br \/>\nEl titular del domini es reserva l\u2019exercici de les accions legals que corresponguin contra els que vulnerin aquestes condicions.<\/p>\n<h3>5.- MODIFICACIONS DE LES PRESENTS CONDICIONS I VIG\u00c8NCIA<\/h3>\n<p>El titular del domini pot modificar aquestes condicions en qualsevol moment, sense av\u00eds previ, publicant les seves modificacions tal com apareixen.<\/p>\n<h3>6.- CONDICIONS GENERALS DE CONTRACTACI\u00d3<\/h3>\n<p>Consulta aqu\u00ed les <a href=\"https:\/\/escac.com\/ca\/condiciones-generals\/\">Condicions Generals <\/a>de contractaci\u00f3.<\/p>\n<h3>7.- LEGISLACI\u00d3 APLICABLE I JURISDICCI\u00d3<\/h3>\n<p>La relaci\u00f3 entre el titular del domini i l\u2019usuari es regir\u00e0 per la normativa espanyola vigent i qualsevol controv\u00e8rsia se sotmetr\u00e0 als Jutjats i tribunals que correspongui a Terrassa.<\/p>\n<h3>8.- WHISTLEBLOWING CHANNEL<\/h3>\n<p>Per reportar una infracci\u00f3 d&#8217;acord amb la L 2\/2023, nom\u00e9s has de seguir aquest <a href=\"https:\/\/centinela.lefebvre.es\/public\/concept\/1758299?access=O%2F80vZJT0qh%2FJ%2BvHDiGh58VbCHQVHeUm5Nk26FevDiI%3D\" target=\"_blank\" rel=\"noopener\">enlla\u00e7.<\/a><\/p>\n","protected":false},"excerpt":{"rendered":"<p>1. IDENTIFICACI\u00d3 DEL TITULAR DEL DOMINI D\u2019acord amb el que disposa l\u2019article 10 de la Llei 34\/2002, de 11 de juliol, de Serveis de la Societat de la Informaci\u00f3 i del Comer\u00e7 Electr\u00f2nic, us informem que: El titular de la web \u00e9s la Fundaci\u00f3 Privada Escola Superior de Cinema i Audiovisuals de Catalunya (en endavant, [&hellip;]<\/p>\n","protected":false},"author":1,"featured_media":0,"parent":0,"menu_order":0,"comment_status":"closed","ping_status":"closed","template":"","meta":{"_acf_changed":false,"footnotes":""},"class_list":["post-40213","page","type-page","status-publish","hentry"],"acf":[],"_links":{"self":[{"href":"https:\/\/escac.com\/ca\/wp-json\/wp\/v2\/pages\/40213","targetHints":{"allow":["GET"]}}],"collection":[{"href":"https:\/\/escac.com\/ca\/wp-json\/wp\/v2\/pages"}],"about":[{"href":"https:\/\/escac.com\/ca\/wp-json\/wp\/v2\/types\/page"}],"author":[{"embeddable":true,"href":"https:\/\/escac.com\/ca\/wp-json\/wp\/v2\/users\/1"}],"replies":[{"embeddable":true,"href":"https:\/\/escac.com\/ca\/wp-json\/wp\/v2\/comments?post=40213"}],"version-history":[{"count":0,"href":"https:\/\/escac.com\/ca\/wp-json\/wp\/v2\/pages\/40213\/revisions"}],"wp:attachment":[{"href":"https:\/\/escac.com\/ca\/wp-json\/wp\/v2\/media?parent=40213"}],"curies":[{"name":"wp","href":"https:\/\/api.w.org\/{rel}","templated":true}]}}