{"id":40504,"date":"2022-10-04T11:02:56","date_gmt":"2022-10-04T11:02:56","guid":{"rendered":"https:\/\/escac.com\/?page_id=40504"},"modified":"2022-10-04T11:06:22","modified_gmt":"2022-10-04T11:06:22","slug":"termes-i-condicions-legals","status":"publish","type":"page","link":"https:\/\/escac.com\/ca\/termes-i-condicions-legals\/","title":{"rendered":"Termes i condicions legals"},"content":{"rendered":"<h2>Sol\u00b7licitud d\u2019informaci\u00f3<\/h2>\n<p>L\u2019informem que les dades de car\u00e0cter personal que vost\u00e8 facilita mitjan\u00e7ant aquest formulari a la Fundaci\u00f3 Privada Escola Superior de Cinema i Audiovisuals de Catalunya (en endavant, ESCAC) s\u2019introduiran en un arxiu de dades informatitzat i seran utilitzades per l\u2019ESCAC, directament o per mitj\u00e0 d\u2019entitats col\u00b7laboradores, per procedir a remetre-li informaci\u00f3 dels serveis de l\u2019ESCAC que puguin ser del seu inter\u00e8s. Aquesta informaci\u00f3 se li enviar\u00e0 per mitjans electr\u00f2nics a les seves dades de contacte, incloent-hi correus electr\u00f2nics i SMS, sempre en compliment de la normativa vigent en mat\u00e8ria de comunicacions electr\u00f2niques. En compliment de la Llei org\u00e0nica 15\/1999 de protecci\u00f3 de dades de car\u00e0cter personal (LOPD) i el Reglament 1720\/2007 que la desenvolupa, li comuniquem que l\u2019ESCAC, fundaci\u00f3 privada amb domicili a la Pla\u00e7a de la Farinera n\u00ba 9, 08222 Terrassa (Barcelona), \u00e9s la destinat\u00e0ria final d\u2019aquestes dades i \u00e9s qui decideix sobre la finalitat, el contingut i l\u2019\u00fas de tractament de les dades de car\u00e0cter personal que ens faciliti. Tanmateix, vost\u00e8 pot exercir els drets d\u2019acc\u00e9s, rectificaci\u00f3, cancel\u00b7laci\u00f3 i oposici\u00f3 de les seves dades en els termes legals, per a la qual cosa s\u2019ha d\u2019adre\u00e7ar per escrit a l\u2019ESCAC, a l\u2019adre\u00e7a que s\u2019ha esmentat abans.<\/p>\n<h2>\nSol\u00b7licitud d\u2019admissi\u00f3<\/h2>\n<p>L\u2019informem que les dades de car\u00e0cter personal que vost\u00e8 facilita mitjan\u00e7ant aquest formulari a la Fundaci\u00f3 Privada Escola Superior de Cinema i Audiovisuals de Catalunya (en endavant, ESCAC), aix\u00ed com les que ens siguin facilitades al llarg de la relaci\u00f3 contractual com a alumne o antic alumne, s\u2019introduiran en un arxiu de dades informatitzat i seran utilitzades per l\u2019ESCAC, directament o per mitj\u00e0 d\u2019entitats col\u00b7laboradores, per procedir a la gesti\u00f3, la preparaci\u00f3 i el seguiment adequat del curs, incloent-hi la gesti\u00f3 de l\u2019expedici\u00f3 dels t\u00edtols i la gesti\u00f3 de les pr\u00e0ctiques externes en empreses, si n\u2019hi ha, aix\u00ed com la gesti\u00f3 dels pagaments i els cobraments que siguin necessaris per a l\u2019ESCAC i tots aquells assumptes que es derivin de la seva condici\u00f3 d\u2019alumne o antic alumne. Aix\u00ed mateix, les seves dades es faran servir per procedir a remetre-li informaci\u00f3 dels serveis de l\u2019ESCAC que puguin ser del seu inter\u00e8s. Aquesta informaci\u00f3 se li enviar\u00e0 per mitjans electr\u00f2nics a les seves dades de contacte, incloent-hi correus electr\u00f2nics i SMS, sempre en compliment de la normativa vigent en mat\u00e8ria de comunicacions electr\u00f2niques. En compliment de la Llei org\u00e0nica 15\/1999 de protecci\u00f3 de dades de car\u00e0cter personal (LOPD) i el Reglament 1720\/2007 que la desenvolupa, li comuniquem que l\u2019ESCAC, fundaci\u00f3 privada amb domicili a la Pla\u00e7a de la Farinera n\u00ba 9, 08222 Terrassa (Barcelona), \u00e9s la destinat\u00e0ria final d\u2019aquestes dades i \u00e9s qui decideix sobre la finalitat, el contingut i l\u2019\u00fas de tractament de les dades de car\u00e0cter personal que ens faciliti. Tanmateix, vost\u00e8 pot exercir els drets d\u2019acc\u00e9s, rectificaci\u00f3, cancel\u00b7laci\u00f3 i oposici\u00f3 de les seves dades en els termes legals, per a la qual cosa s\u2019ha d\u2019adre\u00e7ar per escrit a l\u2019ESCAC, a l\u2019adre\u00e7a que s\u2019ha esmentat abans. Addicionalment, vost\u00e8 autoritza expressament l\u2019ESCAC per reproduir la seva imatge personal, sempre vinculada a la seva relaci\u00f3 acad\u00e8mica amb ella, en v\u00eddeos o fotografies destinats a la reproducci\u00f3 o comunicaci\u00f3 p\u00fablica en publicacions corporatives de l\u2019ESCAC amb la finalitat de promoure les activitats acad\u00e8miques pr\u00f2pies de l\u2019ESCAC. Vost\u00e8 pot revocar aquesta autoritzaci\u00f3 en qualsevol moment adre\u00e7ant-se per escrit en aquest sentit a l\u2019ESCAC, a l\u2019adre\u00e7a que s\u2019ha dit abans.<\/p>\n<h2>Assist\u00e8ncia a sessi\u00f3 informativa<\/h2>\n<p>L\u2019informem que les dades de car\u00e0cter personal que vost\u00e8 facilita mitjan\u00e7ant aquest formulari a la Fundaci\u00f3 Privada Escola Superior de Cinema i Audiovisuals de Catalunya (en endavant, ESCAC), s\u2019introduiran en un arxiu de dades informatitzat i seran utilitzades per l\u2019ESCAC, directament o per mitj\u00e0 d\u2019entitats col\u00b7laboradores, per remetre-li informaci\u00f3 dels serveis de l\u2019ESCAC que puguin ser del seu inter\u00e8s. Aquesta informaci\u00f3 se li enviar\u00e0 per mitjans electr\u00f2nics a les seves dades de contacte, incloent-hi correus electr\u00f2nics i SMS, sempre en compliment de la normativa vigent. En compliment de la Llei org\u00e0nica 15\/1999 de protecci\u00f3 de dades de car\u00e0cter personal (LOPD) i el Reglament 1720\/2007 que la desenvolupa, li comuniquem que l\u2019ESCAC, fundaci\u00f3 privada amb domicili a la Pla\u00e7a de la Farinera n\u00ba 9, 08222 Terrassa (Barcelona), \u00e9s la destinat\u00e0ria final d\u2019aquestes dades i \u00e9s qui decideix sobre la finalitat, el contingut i l\u2019\u00fas de tractament de les dades de car\u00e0cter personal que ens faciliti. Tanmateix, vost\u00e8 pot exercir els drets d\u2019acc\u00e9s, rectificaci\u00f3, cancel\u00b7laci\u00f3 i oposici\u00f3 de les seves dades en els termes legals, per a la qual cosa s\u2019ha d\u2019adre\u00e7ar per escrit a l\u2019ESCAC, a l\u2019adre\u00e7a que s\u2019ha esmentat abans.<\/p>\n<h2>\nPrivacitat<\/h2>\n<p>La Fundaci\u00f3 Privada Escola Superior de Cinema i Audiovisuals de Catalunya (en endavant, ESCAC) declara que respecta i compleix les disposicions que recull la Llei org\u00e0nica 15\/1999 de protecci\u00f3 de dades de car\u00e0cter personal (en endavant, LOPD) i que compleix les previsions legals que cont\u00e9 el Reial decret 1720\/2007 relatiu a les mesures de seguretat dels fitxers automatitzats que continguin dades de car\u00e0cter personal, i ha establert tots els mitjans t\u00e8cnics que t\u00e9 al seu abast per evitar la p\u00e8rdua, el mal \u00fas, l\u2019alteraci\u00f3, l\u2019acc\u00e9s no autoritzat i l\u2019apropiaci\u00f3 indeguda de les dades que faciliteu a l\u2019ESCAC, sense perjudici del fet que les mesures de seguretat a Internet no s\u00f3n inexpugnables. Per tot aix\u00f2, us informa de la seva pol\u00edtica de protecci\u00f3 de dades, per tal que determineu personalment i volunt\u00e0ria si voleu facilitar les vostres dades personals a l\u2019ESCAC.<\/p>\n<p>L\u2019ESCAC us informa tamb\u00e9 que les dades de car\u00e0cter personal que faciliteu en un formulari es recolliran en un fitxer automatitzat de dades de car\u00e0cter personal propietat de l\u2019ESCAC que quedar\u00e0 sota la responsabilitat de l\u2019entitat. A l\u2019efecte de donar compliment a all\u00f2 que preveu la LOPD, us comuniquem que l\u2019ESCAC, amb domicili a la Pla\u00e7a de la Farinera n\u00ba 9, 08222 Terrassa (Barcelona), \u00e9s qui decideix sobre la finalitat, el contingut i l\u2019\u00fas del tractament de les dades de car\u00e0cter personal que li faciliteu per mitj\u00e0 de qualsevol dels formularis que s\u2019inclouen a la p\u00e0gina web ubicada a l\u2019adre\u00e7a d\u2019Internet www.escac.es<\/p>\n<p>Per integrar les vostres dades en el fitxer de l\u2019ESCAC cal el vostre consentiment inequ\u00edvoc, que podeu donar per mitj\u00e0 de l\u2019acceptaci\u00f3 d\u2019aquesta pol\u00edtica de privacitat, tot escollint l\u2019opci\u00f3 \u00abACCEPTO ELS TERMES I LES CONDICIONS LEGALS\u00bb que es presenta abans de cada formulari de sol\u00b7licitud de dades.<\/p>\n<p>Les dades que faciliteu a l\u2019ESCAC tenen la finalitat de poder ser utilitzades per l\u2019ESCAC per al desenvolupament de qualsevol de les activitats pr\u00f2pies del seu negoci, i tamb\u00e9 per a activitats de promoci\u00f3 dels seus productes o serveis. Aquestes dades poden cedir-se a altres empreses, entitats o organismes a Espanya, aix\u00ed com a terceres persones f\u00edsiques o jur\u00eddiques, per a les mateixes finalitats que s\u2019estableixen en aquest text. Per poder dur a terme aquestes comunicacions de les vostres dades a tercers tamb\u00e9 cal el vostre consentiment inequ\u00edvoc, que podeu donar per mitj\u00e0 de l\u2019acceptaci\u00f3 d\u2019aquesta pol\u00edtica de privacitat, tot escollint l\u2019opci\u00f3 \u00abACCEPTO ELS TERMES I LES CONDICIONS LEGALS\u00bb que es presenta abans de cada formulari de sol\u00b7licitud de dades.<\/p>\n<p>En relaci\u00f3 amb la comunicaci\u00f3 de dades, us recordem que l\u2019ESCAC \u00e9s una entitat dedicada a la formaci\u00f3 i est\u00e0 especialitzada en cursos de postgrau, m\u00e0sters i seminaris formatius, per la qual cosa si doneu el vostre consentiment informat per al tractament de les vostres dades, l\u2019ESCAC ent\u00e9n que consentiu inequ\u00edvocament que les vostres dades puguin transferir-se internacionalment a empreses, entitats o organismes situats a l\u2019estranger, encara que estiguin ubicats en pa\u00efsos que no ofereixin una protecci\u00f3 adequada de les dades de car\u00e0cter personal d\u2019acord amb la normativa espanyola, aix\u00ed com a altres entitats a les quals calgui facilitar-les per a la prestaci\u00f3 d\u2019un servei. L\u2019\u00fas de les dades transferides internacionalment se circumscriur\u00e0 a les finalitats que s\u2019estableixen en aquest document.<\/p>\n<p>Tret dels camps en qu\u00e8 es determini el contrari expressament, la resposta a les preguntes sobre dades personals \u00e9s volunt\u00e0ria i el fet de no respondre a aquestes preguntes no implica cap minva de la qualitat dels serveis que sol\u00b7liciteu.<\/p>\n<p>Teniu la possibilitat d\u2019exercir els drets d\u2019acc\u00e9s, rectificaci\u00f3, cancel\u00b7laci\u00f3 i oposici\u00f3 de les vostres dades personals incloses en els fitxers de l\u2019ESCAC, si ho sol\u00b7liciteu per qualsevol mitj\u00e0 que deixi const\u00e0ncia de l\u2019enviament i la recepci\u00f3. Per exercir els vostres drets, us podeu adre\u00e7ar a l\u2019ESCAC, a la Pla\u00e7a de la Farinera n\u00ba 9, 08222 Terrassa (Barcelona).<\/p>\n","protected":false},"excerpt":{"rendered":"<p>Sol\u00b7licitud d\u2019informaci\u00f3 L\u2019informem que les dades de car\u00e0cter personal que vost\u00e8 facilita mitjan\u00e7ant aquest formulari a la Fundaci\u00f3 Privada Escola Superior de Cinema i Audiovisuals de Catalunya (en endavant, ESCAC) s\u2019introduiran en un arxiu de dades informatitzat i seran utilitzades per l\u2019ESCAC, directament o per mitj\u00e0 d\u2019entitats col\u00b7laboradores, per procedir a remetre-li informaci\u00f3 dels serveis [&hellip;]<\/p>\n","protected":false},"author":1,"featured_media":0,"parent":0,"menu_order":0,"comment_status":"closed","ping_status":"closed","template":"","meta":{"_acf_changed":false,"footnotes":""},"class_list":["post-40504","page","type-page","status-publish","hentry"],"acf":[],"_links":{"self":[{"href":"https:\/\/escac.com\/ca\/wp-json\/wp\/v2\/pages\/40504","targetHints":{"allow":["GET"]}}],"collection":[{"href":"https:\/\/escac.com\/ca\/wp-json\/wp\/v2\/pages"}],"about":[{"href":"https:\/\/escac.com\/ca\/wp-json\/wp\/v2\/types\/page"}],"author":[{"embeddable":true,"href":"https:\/\/escac.com\/ca\/wp-json\/wp\/v2\/users\/1"}],"replies":[{"embeddable":true,"href":"https:\/\/escac.com\/ca\/wp-json\/wp\/v2\/comments?post=40504"}],"version-history":[{"count":0,"href":"https:\/\/escac.com\/ca\/wp-json\/wp\/v2\/pages\/40504\/revisions"}],"wp:attachment":[{"href":"https:\/\/escac.com\/ca\/wp-json\/wp\/v2\/media?parent=40504"}],"curies":[{"name":"wp","href":"https:\/\/api.w.org\/{rel}","templated":true}]}}