{"id":41401,"date":"2022-06-27T10:43:15","date_gmt":"2022-06-27T10:43:15","guid":{"rendered":"https:\/\/escac.com\/?page_id=41401"},"modified":"2023-11-02T12:52:11","modified_gmt":"2023-11-02T12:52:11","slug":"politica-de-privacitat","status":"publish","type":"page","link":"https:\/\/escac.com\/ca\/politica-de-privacitat\/","title":{"rendered":"Pol\u00edtica de privacitat i tractament de la informaci\u00f3 de l&#8217;Escola Superior de Cinema i Audiovisuals de Catalunya"},"content":{"rendered":"<h3>1.- DRET D\u2019INFORMACI\u00d3<\/h3>\n<p>D\u2019acord amb el que disposa l\u2019article 11 de la Llei Org\u00e0nica 3\/2018, de 5 de desembre, de Protecci\u00f3 de Dades Personals i garantia dels drets digitals (en endavant LOPDGDD) i l\u2019article 13 del Reglament General de Protecci\u00f3 de Dades 2016\/679 (RGPD) us informem de:<\/p>\n<h4><strong>1.1.- Identificaci\u00f3 de responsables:<\/strong><\/h4>\n<p>El responsable del tractament \u00e9s l\u2019entitat que decideix la recollida de dades i l\u2019\u00fas que es far\u00e0 de la informaci\u00f3 que gestiona. En aquest cas \u00e9s: la Fundaci\u00f3 Privada Escola Superior de Cinema i Audiovisuals de Catalunya (en endavant, ESCAC), amb domicili en la Pla\u00e7a de la Farinera n\u00ba 9, 08222 Terrassa (Barcelona), amb NIF G60464229, inscrita al Registre Fundacions Correu electr\u00f2nic de contacte: info@escac.es Tel\u00e8fon: +34 937 361 555.<\/p>\n<p>Podeu contactar amb el delegat de protecci\u00f3 de dades al correu electr\u00f2nic lopd@escac.es. El delegat \u00e9s la persona que controla que s\u2019apliqui correctament les normes que regulen el tractament d\u2019informaci\u00f3 que fa el responsable.<\/p>\n<h4><strong>1.2.- Finalitat del tractament de les dades, per\u00edodes de conservaci\u00f3 i base jur\u00eddica.<\/strong><br \/>\n<strong>1.2.1.- Finalitat general<\/strong><\/h4>\n<p>El responsable del tractament far\u00e0 servir les dades que ens faciliteu per qualsevol mitj\u00e0 mentre mantingueu la relaci\u00f3 amb ells i s\u2019incorporaran, tal com ens les cediu, a una base de dades titularitat del responsable del tractament.<\/p>\n<p>Farem servir les dades per:<br \/>\n\u2022 prestar-vos els serveis que ens demaneu<br \/>\n\u2022 enviar-vos informaci\u00f3 de les nostres activitats per correu electr\u00f2nic, adre\u00e7a postal o Whatsapp.<\/p>\n<p>La base jur\u00eddica d\u2019aquest tractament ser\u00e0 la relaci\u00f3 contractual, o d\u2019altre tipus, que mantingueu amb el responsable del tractament i el consentiment que atorgueu en acceptar aquest av\u00eds.<br \/>\nLes dades generades es conservaran mentre mantingueu la relaci\u00f3 amb el responsable del tractament i, posteriorment, durant el termini de prescripci\u00f3 de les accions legals que, en alguns casos poden arribar als 10 anys.<\/p>\n<h4><strong>1.2.2.- Tractament d\u2019imatges.<\/strong><\/h4>\n<p>El responsable del tractament documenta els esdeveniments de car\u00e0cter p\u00fablic que organitza amb fotografies i v\u00eddeos amb la finalitat de fer-ne difusi\u00f3 a la seva web o dem\u00e9s espais de difusi\u00f3 p\u00fablica d\u2019informaci\u00f3 com s\u00f3n: la pr\u00f2pia web, les xarxes socials on el responsable del tractament disposi de perfil creat i publicacions pr\u00f2pies o a premsa. Les xarxes socials on l\u2019ESCAC t\u00e9 perfil creat s\u00f3n les seg\u00fcents: Instagram, Facebook, X, LinkedIn, Tiktok.<\/p>\n<p>Pot obtenir m\u00e9s informaci\u00f3 sobre aquest apartat consultant la web del responsable del tractament o contactant amb el DPD.<\/p>\n<p>El tractament d\u2019aquestes imatges est\u00e0 legitimat amb el consentiment dels afectats o en aplicaci\u00f3 de l\u2019article 8 de la LO 1\/1982 de protecci\u00f3 del dret a l\u2019honor, la intimitat i la pr\u00f2pia imatge.<br \/>\nLes imatges captades es conservaran amb car\u00e0cter hist\u00f2ric fins que es revoqui l\u2019autoritzaci\u00f3 que ens proporcioneu.<\/p>\n<h4><strong>1.3.- Categories de destinataris.<\/strong><\/h4>\n<p>Per donar compliment a les anteriors finalitats tindran acc\u00e9s a les seves dades:<br \/>\n\u2022 El personal degudament autoritzat pel responsable del tractament.<\/p>\n<p>\u2022 Els prove\u00efdors necessaris per donar compliment a la seva demanda.<\/p>\n<p>\u2022 L\u2019administraci\u00f3 p\u00fablica en l\u2019\u00e0mbit de les seves compet\u00e8ncies.<br \/>\nPot ampliar aquesta informaci\u00f3 consultant al DPD.<\/p>\n<h4><strong>1.4.- Transfer\u00e8ncia internacional de dades.<\/strong><\/h4>\n<p>El responsable del tractament fa servir les seg\u00fcents plataformes que poden implicar transfer\u00e8ncies de dades fora de l\u2019espai Schengen:<\/p>\n<p>I. Google (G-Suite). Per m\u00e9s informaci\u00f3: https:\/\/support.google.com\/a\/answer\/2888485?hl=es<\/p>\n<p>II. Microsoft. Per m\u00e9s informaci\u00f3: https:\/\/privacy.microsoft.com\/es-es\/privacystatement<\/p>\n<p>III. Mailchimp: Per m\u00e9s informaci\u00f3: https:\/\/www.intuit.com\/privacy\/statement\/<\/p>\n<p>IV. Xarxes socials que consten anunciades a la nostra web<br \/>\nTota la informaci\u00f3 sobre els drets dels usuaris que han perm\u00e8s el tractament digitalitzat es troba als avisos legals de les webs que contenen els programaris i les aplicacions. Com que l\u2019acc\u00e9s es lliure, donem per reprodu\u00eft tot el contingut dels avisos. Donada l\u2019extensi\u00f3 dels continguts de les pol\u00edtiques publicades, podeu demanar una c\u00f2pia dirigint-vos al responsable del tractament a les adreces que consten al punt 1.1 d\u2019aquest document.<\/p>\n<h4><strong>1.5.- Drets com a afectat<\/strong><\/h4>\n<p>Teniu dret a accedir, rectificar, suprimir, oposar-vos a que les vostres dades es tractin, a limitar el tractament, a demanar la portabilitat de les dades, a no ser sotm\u00e8s a decisions individuals automatitzades i a revocar el consentiment que atorgueu.<br \/>\nPer exercir aquests drets podeu dirigir-vos per escrit a les adreces del responsable del tractament que consten en aquesta pol\u00edtica, o enviar un correu electr\u00f2nic a l\u2019adre\u00e7a lopd@escac.es amb el text \u201cPROTECCI\u00d3 DE DADES\u201d a l\u2019assumpte i adjuntant una fotoc\u00f2pia del seu DNI, NIE o passaport en aquest correu.<\/p>\n<h4><strong>1.6.- Dret de reclamaci\u00f3.<\/strong><\/h4>\n<p>L\u2019organisme competent per con\u00e8ixer de la correcta aplicaci\u00f3 de les normes sobre tractament de la informaci\u00f3 \u00e9s l\u2019Autoritat Espanyola de Protecci\u00f3 de Dades, amb domicili al Carrer Jorge Juan n. 6 de Madrid.<\/p>\n<h4><strong>1.7.- Obligacions de l\u2019afectat.<\/strong><\/h4>\n<p>L\u2019afectat ha d\u2019aportar informaci\u00f3 vera\u00e7 i actualitzada en tots els processos de recollida de dades, sent ell l\u2019\u00fanic responsable de la vulneraci\u00f3 d\u2019aquesta obligaci\u00f3.<br \/>\nAls formularis de recollida de dades estan marcades les dades que s\u00f3n obligat\u00f2ries aportar, en funci\u00f3 de la demanda que faci l\u2019afectat. La manca de l\u2019aportaci\u00f3 d\u2019aquestes dades pot suposar la impossibilitat de participar de l\u2019activitat o proporcionar el servei que es demana.<\/p>\n<h4><strong>1.8.- Elaboraci\u00f3 de perfils<\/strong><\/h4>\n<p>Per a l\u2019acompliment dels objectius del responsable del tractament i, sobretot, per fer una atenci\u00f3 m\u00e9s personalitzada, acurada i efica\u00e7 de l\u2019usuari, de vegades, \u00e9s necessari elaborar perfils dels destinataris dels serveis. En cap cas l\u2019elaboraci\u00f3 del perfil es fa de manera exclusivament automatitzada.<\/p>\n<h3>2.- CONSENTIMENT DE L\u2019USUARI<\/h3>\n<p>S\u2019ent\u00e9n que l\u2019usuari accepta les condicions establertes si prem el bot\u00f3 \u2018ACCEPTAR\u2019 que es troba en tots els formularis de recollida de dades, o si envia un missatge per correu electr\u00f2nic a les adreces de contacte que figuren a la web.<br \/>\nLes dades personals es desen a la base de dades general d\u2019administraci\u00f3 del responsable del tractament que, en tot cas, garanteix les mesures t\u00e8cniques i organitzatives per a preservar la integritat i la seguretat de la informaci\u00f3 que tracta.<\/p>\n<h3>3.- SEGURETAT<\/h3>\n<p>La base de dades general est\u00e0 dotada del preceptiu document de seguretat i disposa de tots els mitjans t\u00e8cnics al seu abast per evitar la p\u00e8rdua, mal \u00fas, alteraci\u00f3, acc\u00e9s no autoritzat o robatori de les dades que ens faciliteu. El tractament de les dades personals est\u00e0 ajustat a les disposicions de la Llei Org\u00e0nica 3\/2018 de protecci\u00f3 de dades i garantia dels drets digitals i el Reglament (UE) 2016\/679 del Parlament Europeu i del Consell, de 27 de abril de 2016.<\/p>\n<h3>4.- US D\u2019ADRECES IP<\/h3>\n<p>Per facilitar la recerca de recursos que creiem que s\u00f3n del seu inter\u00e8s, pot trobar en aquesta web enlla\u00e7os a altres p\u00e0gines.<br \/>\nAquesta pol\u00edtica de privacitat nom\u00e9s \u00e9s d&#8217;aplicaci\u00f3 a aquest web. El responsable del tractament no garanteix el compliment d&#8217;aquesta pol\u00edtica en altres webs, ni es fa responsable dels accessos mitjan\u00e7ant enlla\u00e7os des d\u2019aquest lloc.<\/p>\n","protected":false},"excerpt":{"rendered":"<p>1.- DRET D\u2019INFORMACI\u00d3 D\u2019acord amb el que disposa l\u2019article 11 de la Llei Org\u00e0nica 3\/2018, de 5 de desembre, de Protecci\u00f3 de Dades Personals i garantia dels drets digitals (en endavant LOPDGDD) i l\u2019article 13 del Reglament General de Protecci\u00f3 de Dades 2016\/679 (RGPD) us informem de: 1.1.- Identificaci\u00f3 de responsables: El responsable del tractament [&hellip;]<\/p>\n","protected":false},"author":1,"featured_media":0,"parent":0,"menu_order":0,"comment_status":"closed","ping_status":"closed","template":"","meta":{"_acf_changed":false,"footnotes":""},"class_list":["post-41401","page","type-page","status-publish","hentry"],"acf":[],"_links":{"self":[{"href":"https:\/\/escac.com\/ca\/wp-json\/wp\/v2\/pages\/41401","targetHints":{"allow":["GET"]}}],"collection":[{"href":"https:\/\/escac.com\/ca\/wp-json\/wp\/v2\/pages"}],"about":[{"href":"https:\/\/escac.com\/ca\/wp-json\/wp\/v2\/types\/page"}],"author":[{"embeddable":true,"href":"https:\/\/escac.com\/ca\/wp-json\/wp\/v2\/users\/1"}],"replies":[{"embeddable":true,"href":"https:\/\/escac.com\/ca\/wp-json\/wp\/v2\/comments?post=41401"}],"version-history":[{"count":0,"href":"https:\/\/escac.com\/ca\/wp-json\/wp\/v2\/pages\/41401\/revisions"}],"wp:attachment":[{"href":"https:\/\/escac.com\/ca\/wp-json\/wp\/v2\/media?parent=41401"}],"curies":[{"name":"wp","href":"https:\/\/api.w.org\/{rel}","templated":true}]}}