{"id":41413,"date":"2022-10-25T12:03:14","date_gmt":"2022-10-25T12:03:14","guid":{"rendered":"https:\/\/escac.com\/?page_id=41413"},"modified":"2023-03-27T12:54:42","modified_gmt":"2023-03-27T12:54:42","slug":"politica-de-cookies","status":"publish","type":"page","link":"https:\/\/escac.com\/ca\/politica-de-cookies\/","title":{"rendered":"Pol\u00edtica de cookies"},"content":{"rendered":"<p>Aquesta pol\u00edtica de <em>cookies<\/em> s&#8217;elabora en el compliment de les obligacions previstes a l&#8217;article 22.2 de la Llei 34\/2002, de 11 de juliol, de serveis de la societat de la informaci\u00f3 i de comer\u00e7 electr\u00f2nic (en endavant, LSSI), en relaci\u00f3 amb el Reglament General de Protecci\u00f3 de Dades (RGPD) i la Llei Org\u00e0nica 3\/2018, de 5 de desembre, de Protecci\u00f3 de Dades i garantia dels drets digitals (LOPDGDD), amb motiu de la revisi\u00f3 del Comit\u00e8 Europeu de Protecci\u00f3 de Dades (CEPD) al maig de 2020 a les Directrius 05\/2020 sobre consentiment.<\/p>\n<h3>1. DEFINICI\u00d3 I FUNCI\u00d3 DE LES COOKIES<\/h3>\n<p>Una cookie \u00e9s qualsevol tipus de dispositiu d&#8217;emmagatzematge i recuperaci\u00f3 de dades que s&#8217;utilitzi en l&#8217;equip terminal d&#8217;un usuari amb la finalitat d&#8217;emmagatzemar informaci\u00f3 i recuperar la informaci\u00f3 ja emmagatzemada.<br \/>\nPer a la utilitzaci\u00f3 d&#8217;aquesta web s&#8217;utilitzen cookies. Les cookies que es puguin utilitzar s&#8217;associen \u00fanicament amb el navegador d&#8217;un ordinador o dispositiu determinat (un usuari an\u00f2nim), i no proporcionen per si mateixes cap dada personal de l&#8217;usuari. Es poden utilitzar els seg\u00fcents tipus de cookies, agrupades per la seva finalitat:<\/p>\n<ul>\n<li><strong>Cookies t\u00e8cniques:<\/strong> permeten a l&#8217;usuari la navegaci\u00f3 a trav\u00e9s de la p\u00e0gina web i la utilitzaci\u00f3 de les diferents opcions o serveis que en ella hi ha; per exemple, controlar el tr\u00e0nsit i la comunicaci\u00f3 de dades, identificar la sessi\u00f3, accedir a parts d&#8217;acc\u00e9s restringit, recordar els elements que integren una comanda, realitzar el proc\u00e9s de compra d&#8217;una comanda, realitzar la sol\u00b7licitud d&#8217;inscripci\u00f3 o participaci\u00f3 en un esdeveniment, utilitzar elements de seguretat durant la navegaci\u00f3 o emmagatzemar, difondre i\/o compartir continguts. Aquestes cookies s\u00f3n necess\u00e0ries per al funcionament del servei ofert.<\/li>\n<li><strong>Cookies de prefer\u00e8ncies o personalitzaci\u00f3:<\/strong> permeten recordar informaci\u00f3 per a que l&#8217;usuari accedeixi al servei amb determinades caracter\u00edstiques que poden diferenciar la seva experi\u00e8ncia de la d&#8217;altres usuaris; per exemple, l&#8217;idioma, el nombre de resultats a mostrar quan l&#8217;usuari realitza una recerca, l&#8217;aspecte o contingut del servei en funci\u00f3 del tipus de navegador a trav\u00e9s del qual l&#8217;usuari accedeix al servei o de la regi\u00f3 des de la qual s&#8217;accedeix al servei, etc.<br \/>\nSi \u00e9s el propi usuari qui tria aquestes caracter\u00edstiques, les cookies de prefer\u00e8ncies estaran exceptuades de les obligacions de l&#8217;article 22.2 de la LSSI per considerar-se un servei expressament sol\u00b7licitat per l&#8217;usuari, i aix\u00f2 sempre que les cookies obeeixin exclusivament a la finalitat seleccionada.<\/li>\n<li><strong>Cookies d\u2019an\u00e0lisis o medici\u00f3:<\/strong> permeten quantificar el nombre d&#8217;usuaris i aix\u00ed realitzar el mesurament i an\u00e0lisi estad\u00edstica de la utilitzaci\u00f3 i activitat que fan els usuaris de la nostra p\u00e0gina web, aix\u00ed com elaborar de perfils de navegaci\u00f3 dels usuaris en aquestes p\u00e0gines i en les nostres aplicacions, tot aix\u00f2 amb la finalitat d&#8217;introduir millores.<\/li>\n<li><strong>Cookies de publicitat comportamental:<\/strong> emmagatzemen informaci\u00f3 del comportament dels usuaris obtinguda a trav\u00e9s de l&#8217;observaci\u00f3 continuada dels seus h\u00e0bits de navegaci\u00f3, el que permet desenvolupar un perfil espec\u00edfic per a mostrar publicitat en funci\u00f3 de la mateixa.<br \/>\nLes cookies pr\u00f2pies s\u00f3n les creades o gestionades pel responsable de la p\u00e0gina web. Les cookies de tercers s\u00f3n les administrades per prestadors de serveis t\u00e8cnics, d&#8217;an\u00e0lisi, xarxes socials, de personalitzaci\u00f3 i de publicitat (inclosa publicitat comportamental) aliens al responsable de la p\u00e0gina web.<\/li>\n<\/ul>\n<h3>2. TIPUS DE COOKIES UTILITZADES<\/h3>\n<p>Les cookies utilitzades en aquesta p\u00e0gina web i la seva finalitat es detallen a continuaci\u00f3:<\/p>\n<p>&nbsp;<\/p>\n<table>\n<tbody>\n<tr>\n<td><b>Cookie<\/b><\/td>\n<td><b>Titular<\/b><\/td>\n<td><b>Durada<\/b><\/td>\n<td><b>Categoria<\/b><\/td>\n<td><b>Finalitat<\/b><\/td>\n<\/tr>\n<tr>\n<td><span style=\"font-weight: 400;\">DV<\/span><\/td>\n<td><span style=\"font-weight: 400;\">Google<\/span><\/td>\n<td><span style=\"font-weight: 400;\">Sessi\u00f3<\/span><\/td>\n<td><span style=\"font-weight: 400;\">Cookies de sessi\u00f3<\/span><\/td>\n<td><span style=\"font-weight: 400;\">Identifiquen a l\u2019usuari si est\u00e0 registrat amb el seu compte de Google<\/span><\/td>\n<\/tr>\n<tr>\n<td><span style=\"font-weight: 400;\">CONSENT<\/span><\/td>\n<td><span style=\"font-weight: 400;\">Google<\/span><\/td>\n<td><span style=\"font-weight: 400;\">2 anys<\/span><\/td>\n<td><span style=\"font-weight: 400;\">Cookies de prefer\u00e8ncies<\/span><\/td>\n<td><span style=\"font-weight: 400;\">Emmagatzemar l\u2019estat d\u2019un usuari respecte a les seves seleccions de cookies<\/span><\/td>\n<\/tr>\n<tr>\n<td><span style=\"font-weight: 400;\">_gid<\/span><\/td>\n<td><span style=\"font-weight: 400;\">Google<\/span><\/td>\n<td><span style=\"font-weight: 400;\">24 hores<\/span><\/td>\n<td><span style=\"font-weight: 400;\">Cookies d\u2019an\u00e0lisis<\/span><\/td>\n<td><span style=\"font-weight: 400;\">Per distingir els usuaris<\/span><\/td>\n<\/tr>\n<tr>\n<td><span style=\"font-weight: 400;\">1P_JAR<\/span><\/td>\n<td><span style=\"font-weight: 400;\">Google<\/span><\/td>\n<td><span style=\"font-weight: 400;\">1 setmana<\/span><\/td>\n<td><span style=\"font-weight: 400;\">Cookies<\/span><\/td>\n<td><span style=\"font-weight: 400;\">Transfereix dades a Google<\/span><\/td>\n<\/tr>\n<tr>\n<td><span style=\"font-weight: 400;\">_fbp<\/span><\/td>\n<td><span style=\"font-weight: 400;\">Facebook<\/span><\/td>\n<td><span style=\"font-weight: 400;\">90 dies<\/span><\/td>\n<td><span style=\"font-weight: 400;\">Cookies publicit\u00e0ries<\/span><\/td>\n<td><span style=\"font-weight: 400;\">Transfereix dades a Facebook per enviar anuncis<\/span><\/td>\n<\/tr>\n<tr>\n<td><span style=\"font-weight: 400;\">_ga<\/span><\/td>\n<td><span style=\"font-weight: 400;\">Google<\/span><\/td>\n<td><span style=\"font-weight: 400;\">2 anys<\/span><\/td>\n<td><span style=\"font-weight: 400;\">Cookies d\u2019an\u00e0lisis<\/span><\/td>\n<td><span style=\"font-weight: 400;\">Per distingir el usuaris<\/span><\/td>\n<\/tr>\n<tr>\n<td><span style=\"font-weight: 400;\">_ttp<\/span><\/td>\n<td><span style=\"font-weight: 400;\">Tiktok<\/span><\/td>\n<td><span style=\"font-weight: 400;\">13 mesos<\/span><\/td>\n<td><span style=\"font-weight: 400;\">Cookies publicit\u00e0ries<\/span><\/td>\n<td><span style=\"font-weight: 400;\">Emmagatzema informaci\u00f3 sobre el comportament per mesurar com poden impactar diferents campanyes de marketing.<\/span><\/td>\n<\/tr>\n<tr>\n<td><span style=\"font-weight: 400;\">_gcl_au<\/span><\/td>\n<td><span style=\"font-weight: 400;\">Google<\/span><\/td>\n<td><span style=\"font-weight: 400;\">90 dies<\/span><\/td>\n<td><span style=\"font-weight: 400;\">Cookies publicit\u00e0ries<\/span><\/td>\n<td><span style=\"font-weight: 400;\">Per mesurar les tases de conversi\u00f3 d\u2019anuncis<\/span><\/td>\n<\/tr>\n<tr>\n<td><span style=\"font-weight: 400;\">_tt_enable_cookie<\/span><\/td>\n<td><span style=\"font-weight: 400;\">Tiktok<\/span><\/td>\n<td><span style=\"font-weight: 400;\">13 mesos<\/span><\/td>\n<td><span style=\"font-weight: 400;\">Cookies publicit\u00e0ries<\/span><\/td>\n<td><span style=\"font-weight: 400;\">Emmagatzema informaci\u00f3 sobre el comportament per mesurar com poden impactar diferents campanyes de marketing.<\/span><\/td>\n<\/tr>\n<tr>\n<td><span style=\"font-weight: 400;\">AEC<\/span><\/td>\n<td><span style=\"font-weight: 400;\">Google<\/span><\/td>\n<td><span style=\"font-weight: 400;\">6 mesos<\/span><\/td>\n<td><span style=\"font-weight: 400;\">Cookies t\u00e8cniques<\/span><\/td>\n<td><span style=\"font-weight: 400;\">Necess\u00e0ries per la utilitzaci\u00f3 de les opciones i els serveis del lloc web<\/span><\/td>\n<\/tr>\n<tr>\n<td><span style=\"font-weight: 400;\">NID<\/span><\/td>\n<td><span style=\"font-weight: 400;\">Google<\/span><\/td>\n<td><span style=\"font-weight: 400;\">6 mesos<\/span><\/td>\n<td><span style=\"font-weight: 400;\">Cookies d\u2019an\u00e0lisis<\/span><\/td>\n<td><span style=\"font-weight: 400;\">Visualitzaci\u00f3 de mapes mitjan\u00e7ant google maps<\/span><\/td>\n<\/tr>\n<tr>\n<td><span style=\"font-weight: 400;\">OTZ<\/span><\/td>\n<td><span style=\"font-weight: 400;\">Google<\/span><\/td>\n<td><span style=\"font-weight: 400;\">1 mes<\/span><\/td>\n<td><span style=\"font-weight: 400;\">Cookies publicit\u00e0ries<\/span><\/td>\n<td><span style=\"font-weight: 400;\">Permeten optimitzar i personalitzar els anuncis mostrats al navegar<\/span><\/td>\n<\/tr>\n<tr>\n<td><span style=\"font-weight: 400;\">SOCS<\/span><\/td>\n<td><span style=\"font-weight: 400;\">Google<\/span><\/td>\n<td><span style=\"font-weight: 400;\">13 mesos<\/span><\/td>\n<td><span style=\"font-weight: 400;\">Cookies de prefer\u00e8ncies<\/span><\/td>\n<td><span style=\"font-weight: 400;\">Emmagatzemar l\u2019estat d\u2019un usuari respecte a les seves seleccions de cookies<\/span><\/td>\n<\/tr>\n<tr>\n<td><span style=\"font-weight: 400;\">wp-wpml_current_language<\/span><\/td>\n<td><span style=\"font-weight: 400;\">WordPress<\/span><\/td>\n<td><span style=\"font-weight: 400;\">Sessi\u00f3<\/span><\/td>\n<td><span style=\"font-weight: 400;\">Cookies de prefer\u00e8ncies<\/span><\/td>\n<td><span style=\"font-weight: 400;\">Emmagatzema l\u2019idioma actual<\/span><\/td>\n<\/tr>\n<tr>\n<td><span style=\"font-weight: 400;\">allowedcookies<\/span><\/td>\n<td><span style=\"font-weight: 400;\">Pr\u00f2pia<\/span><\/td>\n<td><span style=\"font-weight: 400;\">Sessi\u00f3<\/span><\/td>\n<td><span style=\"font-weight: 400;\">Cookies de prefer\u00e8ncies<\/span><\/td>\n<td><span style=\"font-weight: 400;\">Controlar quines cookies desitja acceptar cada usuari<\/span><\/td>\n<\/tr>\n<tr>\n<td><span style=\"font-weight: 400;\">recordar<\/span><\/td>\n<td><span style=\"font-weight: 400;\">Pr\u00f2pia<\/span><\/td>\n<td><span style=\"font-weight: 400;\">Sessi\u00f3<\/span><\/td>\n<td><span style=\"font-weight: 400;\">Cookies de prefer\u00e8ncies<\/span><\/td>\n<td><span style=\"font-weight: 400;\">Recordar si l\u2019usuari vol recordar la seva selecci\u00f3 de cookies<\/span><\/td>\n<\/tr>\n<\/tbody>\n<\/table>\n<p>ESCAC utilitza cookies d\u2019an\u00e0lisis i publicit\u00e0ries pr\u00f2pies i de tercers, que tracten dades de connexi\u00f3 i\/o del dispositiu, aix\u00ed com h\u00e0bits de navegaci\u00f3 per a fins estad\u00edstics i publicitaris.<br \/>\nPer aquest motiu, per accedir a la nostra web, en el compliment de l\u2019article 22 de la Llei de Serveis de la Societat de la Informaci\u00f3 hem sol\u00b7licitat el teu consentiment pel seu \u00fas.<\/p>\n<p><strong>Categoria: Necess\u00e0ries<\/strong><br \/>\nLes cookies necess\u00e0ries ajuden a fer que un lloc web sigui utilitzable habilitant funcions b\u00e0siques com ara la navegaci\u00f3 per p\u00e0gines i l&#8217;acc\u00e9s a \u00e0rees segures del lloc web. El lloc web no pot funcionar correctament sense aquestes cookies.<\/p>\n<p>&nbsp;<\/p>\n<table>\n<tbody>\n<tr>\n<td><b>Cookie<\/b><\/td>\n<td><b>Titular<\/b><\/td>\n<td><b>Purpose<\/b><\/td>\n<td><b>Durada<\/b><\/td>\n<td><b>Categoria<\/b><\/td>\n<\/tr>\n<tr>\n<td><span style=\"font-weight: 400;\">__cf_bm<\/span><\/td>\n<td><span style=\"font-weight: 400;\">Vimeo<\/span><\/td>\n<td><span style=\"font-weight: 400;\">\u00a0<\/span><\/p>\n<p><span style=\"font-weight: 400;\">Aquestes cookies s\u2019utilitzen per diferenciar entre humans i bots. S\u00f3n beneficioses pel lloc web per rebre reports v\u00e0lids.<\/span><\/p>\n<p><span style=\"font-weight: 400;\">\u00a0<\/span><\/td>\n<td><span style=\"font-weight: 400;\">1 dia<\/span><\/td>\n<td><span style=\"font-weight: 400;\">HTTP<\/span><\/td>\n<\/tr>\n<tr>\n<td><span style=\"font-weight: 400;\">CONSENT<\/span><\/td>\n<td><span style=\"font-weight: 400;\">Google<\/span><\/td>\n<td><span style=\"font-weight: 400;\">\u00a0<\/span><\/p>\n<p><span style=\"font-weight: 400;\">S\u2019utilitzen per detectar si el visitant ha acceptat la categoria publicit\u00e0ria de les cookies al banner.<\/span><\/p>\n<p><span style=\"font-weight: 400;\">\u00a0<\/span><\/td>\n<td><span style=\"font-weight: 400;\">2 anys<\/span><\/td>\n<td><span style=\"font-weight: 400;\">HTTP<\/span><\/td>\n<\/tr>\n<tr>\n<td><span style=\"font-weight: 400;\">CONSENT<\/span><\/td>\n<td><span style=\"font-weight: 400;\">Youtube<\/span><\/td>\n<td><span style=\"font-weight: 400;\">\u00a0<\/span><\/p>\n<p><span style=\"font-weight: 400;\">S\u2019utilitzen per detectar si el visitant ha acceptat la categoria publicit\u00e0ria de les cookies al banner.<\/span><\/p>\n<p><span style=\"font-weight: 400;\">\u00a0<\/span><\/td>\n<td><span style=\"font-weight: 400;\">2 anys<\/span><\/td>\n<td><span style=\"font-weight: 400;\">HTTP<\/span><\/td>\n<\/tr>\n<tr>\n<td><span style=\"font-weight: 400;\">JSESSIONID<\/span><\/td>\n<td><span style=\"font-weight: 400;\">NR Data<\/span><\/td>\n<td><span style=\"font-weight: 400;\">Preserva l&#8217;estat de la sessi\u00f3 de l&#8217;usuari a trav\u00e9s de les sol\u00b7licituds de la p\u00e0gina.<\/span><\/p>\n<p><span style=\"font-weight: 400;\">\u00a0<\/span><\/td>\n<td><span style=\"font-weight: 400;\">Sessi\u00f3<\/span><\/td>\n<td><span style=\"font-weight: 400;\">HTTP<\/span><\/td>\n<\/tr>\n<tr>\n<td><span style=\"font-weight: 400;\">PHPSESSID<\/span><\/td>\n<td><span style=\"font-weight: 400;\">Pr\u00f2pia<\/span><\/td>\n<td><span style=\"font-weight: 400;\">Preserva l&#8217;estat de la sessi\u00f3 de l&#8217;usuari a trav\u00e9s de les sol\u00b7licituds de la p\u00e0gina.<\/span><\/td>\n<td><span style=\"font-weight: 400;\">Sessi\u00f3<\/span><\/td>\n<td><span style=\"font-weight: 400;\">HTTP<\/span><\/td>\n<\/tr>\n<\/tbody>\n<\/table>\n<p>&nbsp;<\/p>\n<h3>3. CONFIGURAR COOKIES<\/h3>\n<p>L\u2019usuari t\u00e9 la possibilitat de configurar les seves prefer\u00e8ncies de cookies clicant a \u201cConfigurar cookies\u201d la primera vegada que entri a la p\u00e0gina web.<br \/>\nAquesta p\u00e0gina web cont\u00e9 enlla\u00e7os a p\u00e0gines web de tercers, les pol\u00edtiques de privacitat de les quals s\u00f3n alienes al titular d&#8217;aquesta web. En accedir a aquestes p\u00e0gines web vost\u00e8 pot decidir si accepta les seves pol\u00edtiques de privacitat i de cookies.<\/p>\n<ul>\n<li><strong>3.1 DESACTIVAR O ELIMINAR COOKIES<\/strong><br \/>\nL\u2019usuari t\u00e9 la possibilitat de configurar el seu navegador per ser avisat en pantalla de la recepci\u00f3 de cookies i per evitar la seva instal\u00b7laci\u00f3 en el seu disc dur. Tots els navegadors permeten fer canvis per tal de desactivar la configuraci\u00f3 de les cookies. Aquests ajustos es troben ubicats a les &#8220;opcions&#8221; o &#8220;prefer\u00e8ncies&#8221; del men\u00fa del seu navegador. A continuaci\u00f3, podr\u00e0 trobar els links de cada navegador per desactivar les cookies seguint les instruccions:<\/li>\n<li>Explorer: <a href=\"https:\/\/support.microsoft.com\/es-es\/help\/17442\/windows-internet-explorer-delete-manage-cookies\" target=\"_blank\" rel=\"noopener\">https:\/\/support.microsoft.com\/es-es\/help\/17442\/windows-internet-explorer-delete-manage-cookies<\/a><\/li>\n<li>Firefox: <a href=\"http:\/\/goo.gl\/F5pHX\" target=\"_blank\" rel=\"noopener\">http:\/\/goo.gl\/F5pHX <\/a><\/li>\n<li>Chrome: <a href=\"http:\/\/support.google.com\/chrome\/bin\/answer.py?hl=es&amp;answer=95647\" target=\"_blank\" rel=\"noopener\">http:\/\/support.google.com\/chrome\/bin\/answer.py?hl=es&amp;answer=95647<\/a><\/li>\n<li>Google: <a href=\"https:\/\/tools.google.com\/dlpage\/gaoptout?hl=es\" target=\"_blank\" rel=\"noopener\">https:\/\/tools.google.com\/dlpage\/gaoptout?hl=es<\/a><\/li>\n<li>Safari: <a href=\"http:\/\/support.apple.com\/kb\/ph5042\" target=\"_blank\" rel=\"noopener\">http:\/\/support.apple.com\/kb\/ph5042<\/a><\/li>\n<li>Opera: <a href=\"http:\/\/www.opera.com\/help\/tutorials\/security\/privacy\/\" target=\"_blank\" rel=\"noopener\">http:\/\/www.opera.com\/help\/tutorials\/security\/privacy\/<\/a><\/li>\n<\/ul>\n<p>L&#8217;informem, per\u00f2, que hi ha la possibilitat de que la desactivaci\u00f3 d&#8217;alguna cookie impedeixi o dificulti la navegaci\u00f3 o la prestaci\u00f3 dels serveis oferts en aquesta web.<\/p>\n<h3>4. TRANSFER\u00c8NCIES INTERNACIONALS<\/h3>\n<p>Pot informar-se de les transfer\u00e8ncies a tercers pa\u00efsos que, si escau, realitzen els tercers identificats en aquesta pol\u00edtica de cookies en les seves corresponents pol\u00edtiques:<\/p>\n<ul>\n<li>Google: <a href=\"https:\/\/policies.google.com\/privacy?hl=es\" target=\"_blank\" rel=\"noopener\">https:\/\/policies.google.com\/privacy?hl=es<\/a><\/li>\n<li>Facebook: <a href=\"https:\/\/www.facebook.com\/privacy\/policy\/\" target=\"_blank\" rel=\"noopener\">https:\/\/www.facebook.com\/privacy\/policy\/<\/a><\/li>\n<\/ul>\n<h3>5. DECISIONS AUTOMATIZADES<\/h3>\n<p>Aquestes cookies no s&#8217;utilitzen per a l&#8217;elaboraci\u00f3 de perfils que impliquin una presa de decisions automatitzades que puguin comportar efectes jur\u00eddics per a l&#8217;usuari.<\/p>\n<h3>6. PER\u00cdODE DE CONSERVACI\u00d3<\/h3>\n<p>Les dades personals obtingudes a partir de l&#8217;\u00fas de les cookies seran conservades durant el termini indicat a la columna descriptiva &#8220;Durada&#8221; i, un cop finalitzat aquest termini, durant els terminis de prescripci\u00f3 legals aplicables segons les diferents finalitats. Transcorregut el termini de prescripci\u00f3, les seves dades seran suprimits.<\/p>\n<h3>7. M\u00c9S INFORMACI\u00d3<\/h3>\n<p>Per a m\u00e9s informaci\u00f3 sobre el tractament de les seves dades pot consultar la nostra <a href=\"https:\/\/escac.com\/ca\/politica-de-privacitat\/\">Pol\u00edtica de privacitat<\/a>.<br \/>\nSi tingu\u00e9s algun dubte, comentari o suggeriment sobre la Pol\u00edtica de Cookies, pot dirigir-se per escrit a l&#8217;adre\u00e7a de correu electr\u00f2nic a tic@escac.es.<\/p>\n","protected":false},"excerpt":{"rendered":"<p>Aquesta pol\u00edtica de cookies s&#8217;elabora en el compliment de les obligacions previstes a l&#8217;article 22.2 de la Llei 34\/2002, de 11 de juliol, de serveis de la societat de la informaci\u00f3 i de comer\u00e7 electr\u00f2nic (en endavant, LSSI), en relaci\u00f3 amb el Reglament General de Protecci\u00f3 de Dades (RGPD) i la Llei Org\u00e0nica 3\/2018, de [&hellip;]<\/p>\n","protected":false},"author":1,"featured_media":0,"parent":0,"menu_order":0,"comment_status":"closed","ping_status":"closed","template":"","meta":{"_acf_changed":false,"footnotes":""},"class_list":["post-41413","page","type-page","status-publish","hentry"],"acf":[],"_links":{"self":[{"href":"https:\/\/escac.com\/ca\/wp-json\/wp\/v2\/pages\/41413","targetHints":{"allow":["GET"]}}],"collection":[{"href":"https:\/\/escac.com\/ca\/wp-json\/wp\/v2\/pages"}],"about":[{"href":"https:\/\/escac.com\/ca\/wp-json\/wp\/v2\/types\/page"}],"author":[{"embeddable":true,"href":"https:\/\/escac.com\/ca\/wp-json\/wp\/v2\/users\/1"}],"replies":[{"embeddable":true,"href":"https:\/\/escac.com\/ca\/wp-json\/wp\/v2\/comments?post=41413"}],"version-history":[{"count":0,"href":"https:\/\/escac.com\/ca\/wp-json\/wp\/v2\/pages\/41413\/revisions"}],"wp:attachment":[{"href":"https:\/\/escac.com\/ca\/wp-json\/wp\/v2\/media?parent=41413"}],"curies":[{"name":"wp","href":"https:\/\/api.w.org\/{rel}","templated":true}]}}