{"id":48749,"date":"2024-04-16T12:24:42","date_gmt":"2024-04-16T12:24:42","guid":{"rendered":"https:\/\/escac.com\/?page_id=48749"},"modified":"2025-12-16T14:51:13","modified_gmt":"2025-12-16T14:51:13","slug":"condiciones-generals","status":"publish","type":"page","link":"https:\/\/escac.com\/ca\/condiciones-generals\/","title":{"rendered":"Condicions generals"},"content":{"rendered":"<h3>CONDICIONS GENERALS DE CONTRACTACI\u00d3<\/h3>\n<p>La contractaci\u00f3 dels serveis acad\u00e8mics oferts per la Fundaci\u00f3 Privada Escola Superior de Cinema i Audiovisuals de Catalunya (en endavant, ESCAC), amb domicili a la Pla\u00e7a de la Farinera n\u00ba 9, 08222 Terrassa (Barcelona), amb NIF G60464229, significa l&#8217;acceptaci\u00f3 de les seg\u00fcents condicions generals de la contractaci\u00f3 (d&#8217;ara endavant, \u00ables Condicions generals\u00bb).<\/p>\n<p>&nbsp;<\/p>\n<ul>\n<li><strong> Acceptaci\u00f3 i disponibilitat de les Condicions generals<\/strong><\/li>\n<\/ul>\n<p>Mitjan\u00e7ant l&#8217;acceptaci\u00f3 de les Condicions generals manifesteu:<\/p>\n<ul>\n<li>Que sou una persona major d&#8217;edat i amb la capacitat jur\u00eddica necess\u00e0ria per a contractar o, si escau, que disposeu de l&#8217;autoritzaci\u00f3 del tutor legal per a fer-ho.<\/li>\n<li>Que heu llegit, enteneu i accepteu les Condicions generals.<\/li>\n<\/ul>\n<p>&nbsp;<\/p>\n<ul>\n<li><strong> Objecte<\/strong><\/li>\n<\/ul>\n<p>Les Condicions generals tenen per objecte la contractaci\u00f3 dels serveis acad\u00e8mics oferts per l\u2019ESCAC, \u00e9s a dir, la formalitzaci\u00f3 de la matr\u00edcula en algun dels programes formatius ofertats.<\/p>\n<p>&nbsp;<\/p>\n<ul>\n<li><strong>Caracter\u00edstiques del servei<\/strong><\/li>\n<\/ul>\n<p>L\u2019ESCAC ofereix serveis d&#8217;ensenyament en l\u2019\u00e0mbit del cinema i els mitjans audiovisuals. L&#8217;activitat acad\u00e8mica i l&#8217;avaluaci\u00f3, es duu a terme amb car\u00e0cter general, de manera presencial. La doc\u00e8ncia de les assignatures o programes formatius s&#8217;imparteixen d&#8217;acord amb una metodologia did\u00e0ctica pr\u00f2pia adre\u00e7ada a respondre a les necessitats educatives de les persones matriculades.<\/p>\n<p>&nbsp;<\/p>\n<ul>\n<li><strong> Normes aplicables<\/strong><\/li>\n<\/ul>\n<p>Condicions generals estan subjectes al que es disposa en:<\/p>\n<ul>\n<li>la Llei 7\/1998, de 13 d&#8217;abril, sobre condicions generals de la contractaci\u00f3;<\/li>\n<li>el Reial decret legislatiu 1\/2007, de 16 de novembre, pel qual s&#8217;aprova el Text ref\u00f3s de la llei general per a la defensa dels consumidors i usuaris i altres lleis complement\u00e0ries;<\/li>\n<li>la Llei 22\/2010, de 20 de juliol, del codi de consum de Catalunya;<\/li>\n<li>la Llei org\u00e0nica 15\/1999, de 13 de desembre, de protecci\u00f3 de dades de car\u00e0cter personal;<\/li>\n<li>el Reglament general de protecci\u00f3 de dades 2016\/679;<\/li>\n<li>la Llei 34\/2002, d&#8217;11 de juliol, de serveis de la societat de la informaci\u00f3 i de comer\u00e7 electr\u00f2nic.<\/li>\n<\/ul>\n<p>&nbsp;<\/p>\n<ul>\n<li><strong> Modificaci\u00f3 de les Condicions generals<\/strong><\/li>\n<\/ul>\n<p>L\u2019ESCAC pot modificar las Condicions generals notificant-ho als estudiants amb l&#8217;antelaci\u00f3 deguda a fi de millorar els serveis oferts per mitj\u00e0 de www.escac.com Mitjan\u00e7ant la modificaci\u00f3 de les Condicions generals exposades a la p\u00e0gina web de l\u2019ESCAC, s&#8217;ent\u00e9n que es compleix el deure de notificaci\u00f3. En tot cas, abans d&#8217;utilitzar els serveis oferts en la p\u00e0gina web, es recomana als estudiants\u00a0 que consultin les Condicions generals.<\/p>\n<p>&nbsp;<\/p>\n<ul>\n<li><strong> Contractaci\u00f3 i dret de desistiment<\/strong><\/li>\n<\/ul>\n<p>El proc\u00e9s de contractaci\u00f3, aix\u00f2 \u00e9s, la formalitzaci\u00f3 de la matriculaci\u00f3, es realitza en els terminis establerts en el calendari acad\u00e8mic de l\u2019ESCAC i per mitj\u00e0 dels canals establerts per aquesta finalitat.<\/p>\n<p>Per poder formalitzar la matr\u00edcula, els estudiants han de complir amb tots els requisits que es preveuen per al programa formatiu corresponent. Els requisits de matriculaci\u00f3 s\u00f3n els publicats al lloc web de l\u2019escola.<\/p>\n<p>L\u2019ESCAC es reserva la potestat de poder anul\u00b7lar la doc\u00e8ncia de programes formatius per motiu de matriculaci\u00f3 baixa. Si el programa formatiu s\u2019anul\u00b7la per aquesta causa, es comunica a tots els estudiants matriculats perqu\u00e8 puguin optar entre, o b\u00e9, la devoluci\u00f3 de l\u2019import abonat en concepte de matr\u00edcula, o b\u00e9, la substituci\u00f3 per una altre programa formatiu. En aquest cas, si l\u2019import de la matr\u00edcula es superior a l&#8217;import pagat inicialment, l\u2019estudiant ha d\u2019abonar la difer\u00e8ncia i, viceversa, si l\u2019import de la matr\u00edcula \u00e9s inferior, l\u2019ESCAC ha de retornar la difer\u00e8ncia.<\/p>\n<p>ESCAC garanteix la qualitat de les formacions impartides m\u00e9s enll\u00e0 dels possibles ajustos en el programa, temari, calendari i\/o professorat. Tots aquests canvis responen sempre a l\u2019inter\u00e8s de l\u2019alumnat i a la naturalesa del model pedag\u00f2gic de l\u2019escola, basat en un contacte directe i continu amb professionals en actiu de la ind\u00fastria, fet que pot requerir adaptacions per assegurar una formaci\u00f3 actualitzada, pertinent i de m\u00e0xima qualitat. Aquests canvis no donaran dret a la sol\u00b7licitud de devoluci\u00f3.<\/p>\n<p>L&#8217;estudiant pot exercir el dret de desistiment de la matr\u00edcula, sense cap mena de justificaci\u00f3 ni penalitzaci\u00f3, en el termini m\u00e0xim de catorze (14) dies naturals, que es compten a partir de la data en qu\u00e8 s\u2019efectu\u00ef el pagament.<\/p>\n<p>Per a exercir el dret de desistiment, l&#8217;estudiant ha de fer la sol\u00b7licitud corresponent per correu electr\u00f2nic a secretaria@escac.es.<\/p>\n<p>L\u2019ESCAC reintegrar\u00e0 a l&#8217;estudiant l&#8217;import de la matr\u00edcula abonat en un termini m\u00e0xim de trenta (30) dies naturals, que es compten a partir de la data de recepci\u00f3 de la sol\u00b7licitud corresponent. La devoluci\u00f3 es far\u00e0 mitjan\u00e7ant un ingr\u00e9s al compte corrent que l&#8217;estudiant haur\u00e0 de\u00a0 facilitar a l\u2019escola.<\/p>\n<p>En tot cas, la devoluci\u00f3 de l&#8217;import de la matr\u00edcula est\u00e0 condicionada la confirmaci\u00f3 definitiva del pagament per part de l&#8217;estudiant.<\/p>\n<p>Fora de l\u2019esmentat per\u00edode en qu\u00e8 es pot sol\u00b7licitar el desistiment, l\u2019ESCAC no acceptar\u00e0 cap sol\u00b7licitud de devoluci\u00f3.<\/p>\n<p>Cada matr\u00edcula \u00e9s personal i intransferible i els drets que se&#8217;n deriven no poden ser traspassats a una tercera persona.<\/p>\n<p>L\u2019ESCAC no assumeix cap responsabilitat per la no execuci\u00f3 o el retard en l&#8217;execuci\u00f3 de qualsevol de les obligacions contretes en virtut de les Condicions generals si aquesta manca d&#8217;execuci\u00f3 o retard fos conseq\u00fc\u00e8ncia d&#8217;un sup\u00f2sit de for\u00e7a major o cas fortu\u00eft.<\/p>\n<p>L&#8217;estudiant pot fer reclamacions, suggeriments o comentaris pels canals d&#8217;atenci\u00f3 a l&#8217;estudiant que l\u2019escola posa a la seva disposici\u00f3.<\/p>\n<p>&nbsp;<\/p>\n<ul>\n<li><strong>Pagament<\/strong><\/li>\n<\/ul>\n<p>Tots els programes formatius de l\u2019ESCAC poden ser abonats per mitj\u00e0 d\u2019alguna de les formes i pol\u00edtiques de pagament que s&#8217;indiquen a la p\u00e0gina web o a la documentaci\u00f3 facilitada.<\/p>\n<p>S&#8217;informa que l&#8217;\u00fas fraudulent de targetes de cr\u00e8dit o la denegaci\u00f3 de l&#8217;operaci\u00f3 de cobrament per la causa que sigui donar\u00e0 dret a l\u2019ESCAC a rescindir la contractaci\u00f3 del curs o programa adquirit, sense perjudici de les responsabilitats civils i penals corresponents.<\/p>\n<p>El fet de no pagar la matr\u00edcula, o algun dels seus fraccionaments, en els terminis de venciment establerts per a cada forma de pagament, pot donar lloc a la suspensi\u00f3 temporal dels drets de l\u2019estudiant i, si escau, l\u2019anul\u00b7laci\u00f3 de la matr\u00edcula i dels efectes que aquesta hagi produ\u00eft, sense dret a cap reintegrament, de conformitat amb all\u00f2 previst a les presents condicions generals de contractaci\u00f3.<\/p>\n<p>L\u2019ESCAC exigeix, com a condici\u00f3 pr\u00e8via de matr\u00edcula o d\u2019expedici\u00f3 de t\u00edtols o certificats, el pagament de les quantitats pendents per matr\u00edcules en qualsevol programa formatiu o curs acad\u00e8mic, i els interessos de demora corresponents, si escau.<\/p>\n<p>L\u2019ESCAC, com a subjecte obligat per la Llei 10\/2010, de 28 d&#8217;abril, informa que tota operaci\u00f3 sospitosa de ser considerada de blanqueig de capitals o finan\u00e7ament del terrorisme ser\u00e0 comunicada sense dilaci\u00f3 al Servei Executiu de la Comissi\u00f3 de Prevenci\u00f3 del Blanqueig de Capitals i Infraccions Monet\u00e0ries.<\/p>\n<ul>\n<li><strong>\u00das del servei i responsabilitats<\/strong><\/li>\n<\/ul>\n<p>L\u2019ESCAC no garanteix la disponibilitat permanent dels serveis oferts a la p\u00e0gina web, i queda exonerada de qualsevol tipus de responsabilitat per possibles danys i perjudicis causats per la indisponibilitat dels serveis per causes de for\u00e7a major o errors en les xarxes telem\u00e0tiques de transfer\u00e8ncia de dades, aliens a la seva voluntat.<\/p>\n<p>L\u2019ESCAC no es fa responsable del contingut dels enlla\u00e7os a altres p\u00e0gines web que no siguin titularitat seva i que, per tant, no pot controlar.<\/p>\n<ul>\n<li><strong> Cessi\u00f3 de drets d\u2019autoria<\/strong><\/li>\n<\/ul>\n<p>Mitjan\u00e7ant la formalitzaci\u00f3 de la matr\u00edcula o contractaci\u00f3 de serveis a l\u2019ESCAC, l\u2019alumne\/a assumeix i accepta que en el sup\u00f2sit que participi en qualitat autor\/a en\u00a0 projectes que es desenvolupin com a part del curs \u00a0o formaci\u00f3 a qu\u00e8 s&#8217;ha inscrit, CEDEIX a ESCAC de forma volunt\u00e0ria i desinteressada, sense car\u00e0cter exclusiu, per al m\u00e0xim per\u00edode de protecci\u00f3 legal fins a la seva entrada en domini p\u00fablic, dels drets de reproducci\u00f3, distribuci\u00f3, comunicaci\u00f3 p\u00fablica i transformaci\u00f3 dels productes que realitzi a la seva formaci\u00f3, ja sigui de forma individual o col\u00b7lectiva, per a la seva utilitzaci\u00f3 a trav\u00e9s de qualsevol mitj\u00e0 i\/o sistema i, en particular, per al \u00fas dels productes realitzats que aix\u00ed determini ESCAC, sempre sense \u00e0nim de lucre; reservant-se l&#8217;alumne, en qualitat d&#8217;autor\/a\/e el contingut econ\u00f2mic dels drets, d&#8217;acord amb el que preveuen els articles 90.3 i 90.4 (remuneraci\u00f3 dels autors) del text ref\u00f3s de la Llei de propietat intel\u00b7lectual.<\/p>\n<p>Aquesta cessi\u00f3 de drets implica \u00fanicament que ESCAC podr\u00e0 fer servir les imatges i\/o sons, o part d&#8217;ells, realitzats durant el curs per l&#8217;alumne\/a, a les comunicacions del de l\u2019escola, ja sigui a la web, xarxes socials, newsletters , revistes o altres materials de comunicaci\u00f3 i promoci\u00f3. Tamb\u00e9 implica que si el treball realitzat per l&#8217;alumne tingu\u00e9s algun tipus de traject\u00f2ria posterior, l&#8217;ESCAC podr\u00e0 comunicar que aquest treball es va realitzar o es va gestar a l\u2019ESCAC.<\/p>\n<p>En cas un producte realitzat a una formaci\u00f3 o curs sigui presentat a concurs o a festivals, l\u2019alumne\/a autor\/a i l\u2019ESCAC definiran de mutu acord quina gesti\u00f3 comunicativa se\u2019n far\u00e0, per tal de vetllar el bon recorregut del projecte a la convocat\u00f2ria que s\u2019hagi presentat.<\/p>\n<p>&nbsp;<\/p>\n<ul>\n<li><strong> Legislaci\u00f3 aplicable i jurisdicci\u00f3<\/strong><\/li>\n<\/ul>\n<p>A aquestes condicions generals i a les relacions jur\u00eddiques que es puguin derivar d&#8217;aplicar-les i interpretar-les, els \u00e9s aplicable la llei espanyola.<\/p>\n<p>Per a la interpretaci\u00f3 i aplicaci\u00f3 d&#8217;aquestes condicions generals de contractaci\u00f3, les parts se sotmeten, amb ren\u00fancia a qualsevol altre fur, als jutjats i tribunals de la ciutat de Terrassa.<\/p>\n<p>&nbsp;<\/p>\n<ul>\n<li><strong> Notificacions<\/strong><\/li>\n<\/ul>\n<p>Totes les notificacions, requeriments, peticions i altres comunicacions que les parts hagin d&#8217;efectuar en relaci\u00f3 amb les Condicions generals s&#8217;han de fer per escrit i s&#8217;ent\u00e9n que es fan degudament quan s\u00f3n lliurades en m\u00e0 o b\u00e9 enviades per correu ordinari al domicili de l&#8217;altra part o a la seva adre\u00e7a de correu electr\u00f2nic, o b\u00e9 a qualsevol altre domicili o adre\u00e7a de correu electr\u00f2nic que cada part indiqui a l&#8217;altra a aquest efecte.<\/p>\n<p>&nbsp;<\/p>\n<ul>\n<li><strong>Nul\u00b7litat i inefic\u00e0cia de les cl\u00e0usules<\/strong><\/li>\n<\/ul>\n<p>Si qualsevol cl\u00e0usula inclosa en les Condicions generals \u00e9s declarada, totalment o parcialment, nul\u00b7la o inefica\u00e7, aquesta nul\u00b7litat o inefic\u00e0cia afecta \u00fanicament aquesta disposici\u00f3 o la part de disposici\u00f3 que sigui nul\u00b7la o inefica\u00e7, i subsisteixen les Condicions generals en tota la resta, de manera que aquesta disposici\u00f3, o part de disposici\u00f3, que en resulti afectada es t\u00e9 per no posada.<\/p>\n","protected":false},"excerpt":{"rendered":"<p>CONDICIONS GENERALS DE CONTRACTACI\u00d3 La contractaci\u00f3 dels serveis acad\u00e8mics oferts per la Fundaci\u00f3 Privada Escola Superior de Cinema i Audiovisuals de Catalunya (en endavant, ESCAC), amb domicili a la Pla\u00e7a de la Farinera n\u00ba 9, 08222 Terrassa (Barcelona), amb NIF G60464229, significa l&#8217;acceptaci\u00f3 de les seg\u00fcents condicions generals de la contractaci\u00f3 (d&#8217;ara endavant, \u00ables Condicions [&hellip;]<\/p>\n","protected":false},"author":1,"featured_media":0,"parent":0,"menu_order":0,"comment_status":"closed","ping_status":"closed","template":"","meta":{"_acf_changed":false,"footnotes":""},"class_list":["post-48749","page","type-page","status-publish","hentry"],"acf":[],"_links":{"self":[{"href":"https:\/\/escac.com\/ca\/wp-json\/wp\/v2\/pages\/48749","targetHints":{"allow":["GET"]}}],"collection":[{"href":"https:\/\/escac.com\/ca\/wp-json\/wp\/v2\/pages"}],"about":[{"href":"https:\/\/escac.com\/ca\/wp-json\/wp\/v2\/types\/page"}],"author":[{"embeddable":true,"href":"https:\/\/escac.com\/ca\/wp-json\/wp\/v2\/users\/1"}],"replies":[{"embeddable":true,"href":"https:\/\/escac.com\/ca\/wp-json\/wp\/v2\/comments?post=48749"}],"version-history":[{"count":3,"href":"https:\/\/escac.com\/ca\/wp-json\/wp\/v2\/pages\/48749\/revisions"}],"predecessor-version":[{"id":51990,"href":"https:\/\/escac.com\/ca\/wp-json\/wp\/v2\/pages\/48749\/revisions\/51990"}],"wp:attachment":[{"href":"https:\/\/escac.com\/ca\/wp-json\/wp\/v2\/media?parent=48749"}],"curies":[{"name":"wp","href":"https:\/\/api.w.org\/{rel}","templated":true}]}}