{"id":49065,"date":"2024-02-14T14:05:39","date_gmt":"2024-02-14T14:05:39","guid":{"rendered":"https:\/\/escac.com\/?page_id=49065"},"modified":"2024-11-13T11:55:02","modified_gmt":"2024-11-13T11:55:02","slug":"the-dream-makers-contest","status":"publish","type":"page","link":"https:\/\/escac.com\/ca\/the-dream-makers-contest\/","title":{"rendered":"The Dream Makers Contest"},"content":{"rendered":"<p><img loading=\"lazy\" decoding=\"async\" class=\"size-full wp-image-49851 aligncenter\" src=\"https:\/\/escac.com\/wp-content\/uploads\/2024\/10\/HEADERS-2ND-CONTEST.jpg\" alt=\"\" width=\"1350\" height=\"720\" srcset=\"https:\/\/escac.com\/wp-content\/uploads\/2024\/10\/HEADERS-2ND-CONTEST.jpg 1350w, https:\/\/escac.com\/wp-content\/uploads\/2024\/10\/HEADERS-2ND-CONTEST-300x160.jpg 300w, https:\/\/escac.com\/wp-content\/uploads\/2024\/10\/HEADERS-2ND-CONTEST-1024x546.jpg 1024w, https:\/\/escac.com\/wp-content\/uploads\/2024\/10\/HEADERS-2ND-CONTEST-768x410.jpg 768w\" sizes=\"auto, (max-width: 1350px) 100vw, 1350px\" \/><\/p>\n<p><strong>\u00a1La oportunidad de tu vida est\u00e1 aqu\u00ed!\u00a0<\/strong><\/p>\n<p>La segunda fase de <strong>The Dream Makers Contest<\/strong> ya ha comenzado, y est\u00e1 buscando a j\u00f3venes talentos como t\u00fa.<\/p>\n<p>Si te apasiona el cine y sue\u00f1as con formarte en la misma escuela en la que lo hizo <strong>J.A. Bayona<\/strong>, \u00a1esta es tu oportunidad!<\/p>\n<p>Gana una <strong>beca COMPLETA de 4 a\u00f1os en ESCAC,<\/strong> una de las <strong>mejores 15 escuelas de cine del mundo<\/strong>, y recibe una ayuda mensual para cubrir tus gastos durante toda la carrera.<\/p>\n<p>Para participar, deja volar tu imaginaci\u00f3n y crea un <strong>cortometraje basado en tres palabras<\/strong> clave elegidas por CUPRA, J.A. Bayona y ESCAC:<\/p>\n<ul>\n<li>\ud83c\udf06 Barcelona<\/li>\n<li>\ud83c\udfac Cine<\/li>\n<li>\ud83d\udc41\ufe0f Ojo<\/li>\n<\/ul>\n<p>\u00a1Este es el momento de hacer realidad tus sue\u00f1os!<\/p>\n<p>\ud83d\udcc5 Participaciones abiertas entre el 14 de octubre y el 17 de noviembre de 2024.<\/p>\n<p>\ud83d\udccd Toda la informaci\u00f3n en la <a href=\"https:\/\/escac.com\/the-dream-makers-contest\/\">pesta\u00f1a &#8216;The Dream Makers&#8217; <\/a>en nuestra web.<\/p>\n","protected":false},"excerpt":{"rendered":"<p>\u00a1La oportunidad de tu vida est\u00e1 aqu\u00ed!\u00a0 La segunda fase de The Dream Makers Contest ya ha comenzado, y est\u00e1 buscando a j\u00f3venes talentos como t\u00fa. Si te apasiona el cine y sue\u00f1as con formarte en la misma escuela en la que lo hizo J.A. Bayona, \u00a1esta es tu oportunidad! Gana una beca COMPLETA de [&hellip;]<\/p>\n","protected":false},"author":1,"featured_media":49793,"parent":0,"menu_order":0,"comment_status":"closed","ping_status":"closed","template":"page-sections.php","meta":{"_acf_changed":false,"footnotes":""},"class_list":["post-49065","page","type-page","status-publish","has-post-thumbnail","hentry"],"acf":[],"_links":{"self":[{"href":"https:\/\/escac.com\/ca\/wp-json\/wp\/v2\/pages\/49065","targetHints":{"allow":["GET"]}}],"collection":[{"href":"https:\/\/escac.com\/ca\/wp-json\/wp\/v2\/pages"}],"about":[{"href":"https:\/\/escac.com\/ca\/wp-json\/wp\/v2\/types\/page"}],"author":[{"embeddable":true,"href":"https:\/\/escac.com\/ca\/wp-json\/wp\/v2\/users\/1"}],"replies":[{"embeddable":true,"href":"https:\/\/escac.com\/ca\/wp-json\/wp\/v2\/comments?post=49065"}],"version-history":[{"count":0,"href":"https:\/\/escac.com\/ca\/wp-json\/wp\/v2\/pages\/49065\/revisions"}],"wp:featuredmedia":[{"embeddable":true,"href":"https:\/\/escac.com\/ca\/wp-json\/wp\/v2\/media\/49793"}],"wp:attachment":[{"href":"https:\/\/escac.com\/ca\/wp-json\/wp\/v2\/media?parent=49065"}],"curies":[{"name":"wp","href":"https:\/\/api.w.org\/{rel}","templated":true}]}}