{"id":49887,"date":"2024-10-16T13:00:56","date_gmt":"2024-10-16T13:00:56","guid":{"rendered":"https:\/\/escac.com\/?page_id=49887"},"modified":"2026-05-08T15:00:21","modified_gmt":"2026-05-08T15:00:21","slug":"perfil-del-contractant","status":"publish","type":"page","link":"https:\/\/escac.com\/ca\/perfil-del-contractant\/","title":{"rendered":"Perfil del contractant"},"content":{"rendered":"<h2><strong>Processos de selecci\u00f3 de personal<\/strong><\/h2>\n<p><strong>Coordinaci\u00f3 departament Cinebase<\/strong><\/p>\n<ul>\n<li>Incorporaci\u00f3: Immediata<\/li>\n<li>Jornada: completa (37,5 h\/setmana)<\/li>\n<li>Tipologia del contracte: Contractaci\u00f3 laboral indefinida<\/li>\n<li>Retribuci\u00f3: Entre 22.000 i 25.000 \u20ac (a convenir segons el candidat o candidata)<\/li>\n<li>Modalitat: Presencial a la seu de l\u2019ESCAC a Terrassa.<\/li>\n<li>Adre\u00e7a on enviar les candidatures: base@escac.es amb \u201cOferta de feina: Coordinaci\u00f3 Cinebase\u201d i el nom a l\u2019assumpte del correu.<\/li>\n<\/ul>\n<p>[DOWNLOAD] <a href=\"https:\/\/escac.com\/wp-content\/uploads\/2026\/05\/Oferta-coordinacio_CB.pdf\">Oferta coordinacio_CB<\/a> [\/DOWNLOAD]<\/p>\n<p>&nbsp;<\/p>\n<p><strong><span class=\"TextRun SCXW194660256 BCX0\" lang=\"CA-ES\" xml:lang=\"CA-ES\" data-contrast=\"auto\"><span class=\"NormalTextRun SCXW194660256 BCX0\">Dissenyador\/a gr\u00e0fic\/a j\u00fanior<\/span><\/span><\/strong><\/p>\n<ul>\n<li aria-setsize=\"-1\" data-leveltext=\"\uf0b7\" data-font=\"Symbol\" data-listid=\"21\" data-list-defn-props=\"{&quot;335552541&quot;:1,&quot;335559685&quot;:720,&quot;335559991&quot;:360,&quot;469769226&quot;:&quot;Symbol&quot;,&quot;469769242&quot;:[8226],&quot;469777803&quot;:&quot;left&quot;,&quot;469777804&quot;:&quot;\uf0b7&quot;,&quot;469777815&quot;:&quot;multilevel&quot;}\" data-aria-posinset=\"3\" data-aria-level=\"1\"><span data-contrast=\"auto\">Incorporaci\u00f3: immediata <\/span><\/li>\n<li aria-setsize=\"-1\" data-leveltext=\"\uf0b7\" data-font=\"Symbol\" data-listid=\"21\" data-list-defn-props=\"{&quot;335552541&quot;:1,&quot;335559685&quot;:720,&quot;335559991&quot;:360,&quot;469769226&quot;:&quot;Symbol&quot;,&quot;469769242&quot;:[8226],&quot;469777803&quot;:&quot;left&quot;,&quot;469777804&quot;:&quot;\uf0b7&quot;,&quot;469777815&quot;:&quot;multilevel&quot;}\" data-aria-posinset=\"3\" data-aria-level=\"1\"><span data-contrast=\"auto\">Jornada: Completa 37,5 h\u00a0<\/span><span data-ccp-props=\"{&quot;134233117&quot;:true,&quot;134233118&quot;:true,&quot;335551550&quot;:6,&quot;335551620&quot;:6}\">\u00a0<\/span><\/li>\n<li aria-setsize=\"-1\" data-leveltext=\"\uf0b7\" data-font=\"Symbol\" data-listid=\"21\" data-list-defn-props=\"{&quot;335552541&quot;:1,&quot;335559685&quot;:720,&quot;335559991&quot;:360,&quot;469769226&quot;:&quot;Symbol&quot;,&quot;469769242&quot;:[8226],&quot;469777803&quot;:&quot;left&quot;,&quot;469777804&quot;:&quot;\uf0b7&quot;,&quot;469777815&quot;:&quot;multilevel&quot;}\" data-aria-posinset=\"3\" data-aria-level=\"1\"><span data-contrast=\"auto\">Horari: de 9 h a 17.30 h\u00a0<\/span><span data-ccp-props=\"{&quot;134233117&quot;:true,&quot;134233118&quot;:true,&quot;335551550&quot;:6,&quot;335551620&quot;:6}\">\u00a0<\/span><\/li>\n<li aria-setsize=\"-1\" data-leveltext=\"\uf0b7\" data-font=\"Symbol\" data-listid=\"21\" data-list-defn-props=\"{&quot;335552541&quot;:1,&quot;335559685&quot;:720,&quot;335559991&quot;:360,&quot;469769226&quot;:&quot;Symbol&quot;,&quot;469769242&quot;:[8226],&quot;469777803&quot;:&quot;left&quot;,&quot;469777804&quot;:&quot;\uf0b7&quot;,&quot;469777815&quot;:&quot;multilevel&quot;}\" data-aria-posinset=\"3\" data-aria-level=\"1\"><span data-contrast=\"auto\">Durada del contracte: indefinit\u00a0<\/span><span data-ccp-props=\"{&quot;134233117&quot;:true,&quot;134233118&quot;:true,&quot;335551550&quot;:6,&quot;335551620&quot;:6}\">\u00a0<\/span><\/li>\n<li aria-setsize=\"-1\" data-leveltext=\"\uf0b7\" data-font=\"Symbol\" data-listid=\"21\" data-list-defn-props=\"{&quot;335552541&quot;:1,&quot;335559685&quot;:720,&quot;335559991&quot;:360,&quot;469769226&quot;:&quot;Symbol&quot;,&quot;469769242&quot;:[8226],&quot;469777803&quot;:&quot;left&quot;,&quot;469777804&quot;:&quot;\uf0b7&quot;,&quot;469777815&quot;:&quot;multilevel&quot;}\" data-aria-posinset=\"3\" data-aria-level=\"1\"><span data-contrast=\"auto\">Retribuci\u00f3: entre 20.000 \u20ac i 22.000 \u20ac (a convenir segons el\/la candidat\/a)\u00a0<\/span><span data-ccp-props=\"{&quot;134233117&quot;:true,&quot;134233118&quot;:true,&quot;335551550&quot;:6,&quot;335551620&quot;:6}\">\u00a0<\/span><\/li>\n<li aria-setsize=\"-1\" data-leveltext=\"\uf0b7\" data-font=\"Symbol\" data-listid=\"21\" data-list-defn-props=\"{&quot;335552541&quot;:1,&quot;335559685&quot;:720,&quot;335559991&quot;:360,&quot;469769226&quot;:&quot;Symbol&quot;,&quot;469769242&quot;:[8226],&quot;469777803&quot;:&quot;left&quot;,&quot;469777804&quot;:&quot;\uf0b7&quot;,&quot;469777815&quot;:&quot;multilevel&quot;}\" data-aria-posinset=\"3\" data-aria-level=\"1\"><span data-contrast=\"auto\">Modalitat: presencial a la seu de l\u2019ESCAC a Terrassa\u00a0<\/span><span data-ccp-props=\"{&quot;134233117&quot;:true,&quot;134233118&quot;:true,&quot;335551550&quot;:6,&quot;335551620&quot;:6}\">\u00a0<\/span><\/li>\n<li aria-setsize=\"-1\" data-leveltext=\"\uf0b7\" data-font=\"Symbol\" data-listid=\"21\" data-list-defn-props=\"{&quot;335552541&quot;:1,&quot;335559685&quot;:720,&quot;335559991&quot;:360,&quot;469769226&quot;:&quot;Symbol&quot;,&quot;469769242&quot;:[8226],&quot;469777803&quot;:&quot;left&quot;,&quot;469777804&quot;:&quot;\uf0b7&quot;,&quot;469777815&quot;:&quot;multilevel&quot;}\" data-aria-posinset=\"3\" data-aria-level=\"1\"><span data-contrast=\"auto\">Data de publicaci\u00f3: 6 de maig de 2026\u00a0<\/span><span data-ccp-props=\"{&quot;134233117&quot;:true,&quot;134233118&quot;:true,&quot;335551550&quot;:6,&quot;335551620&quot;:6}\">\u00a0<\/span><\/li>\n<li aria-setsize=\"-1\" data-leveltext=\"\uf0b7\" data-font=\"Symbol\" data-listid=\"21\" data-list-defn-props=\"{&quot;335552541&quot;:1,&quot;335559685&quot;:720,&quot;335559991&quot;:360,&quot;469769226&quot;:&quot;Symbol&quot;,&quot;469769242&quot;:[8226],&quot;469777803&quot;:&quot;left&quot;,&quot;469777804&quot;:&quot;\uf0b7&quot;,&quot;469777815&quot;:&quot;multilevel&quot;}\" data-aria-posinset=\"3\" data-aria-level=\"1\"><span data-contrast=\"auto\">Adre\u00e7a on enviar les candidatures: tamara.sanchez@escac.es\u00a0<\/span><span data-ccp-props=\"{&quot;134233117&quot;:true,&quot;134233118&quot;:true,&quot;335551550&quot;:6,&quot;335551620&quot;:6}\">\u00a0<\/span><\/li>\n<li aria-setsize=\"-1\" data-leveltext=\"\uf0b7\" data-font=\"Symbol\" data-listid=\"21\" data-list-defn-props=\"{&quot;335552541&quot;:1,&quot;335559685&quot;:720,&quot;335559991&quot;:360,&quot;469769226&quot;:&quot;Symbol&quot;,&quot;469769242&quot;:[8226],&quot;469777803&quot;:&quot;left&quot;,&quot;469777804&quot;:&quot;\uf0b7&quot;,&quot;469777815&quot;:&quot;multilevel&quot;}\" data-aria-posinset=\"3\" data-aria-level=\"1\"><span data-contrast=\"auto\">Data l\u00edmit: 19 de maig de 2026<\/span><\/li>\n<\/ul>\n<p>[DOWNLOAD]<a href=\"https:\/\/escac.com\/wp-content\/uploads\/2026\/05\/Oferta-disseny-grafic-junior-maig-2026-CA.pdf\">Oferta disseny gr\u00e0fic junior maig 2026 CA<\/a>[\/DOWNLOAD]<\/p>\n<p>&nbsp;<\/p>\n<h3><strong>Procesos cerrados<\/strong><\/h3>\n<p>[ACCORDION]<\/p>\n<ul>\n<li><strong>Procesos de selecci\u00f3n de personal anteriores<\/strong>\n<ul>\n<li>Continguts i comunicaci\u00f3 digital &#8211; NO ADMITE M\u00c1S CANDIDATURAS &#8211;<\/li>\n<li>Coordinador Acad\u00e9mico &#8211; NO ADMITE M\u00c1S CANDIDATURAS &#8211;<\/li>\n<li>Coordinador territorial Baleares &#8211; CERRADO &#8211; EN PROCESO DE SELECCI\u00d3N<\/li>\n<li>Coordinador sectorial &#8211; Sector educaci\u00f3n -NO ADMITE M\u00c1S CANDIDATURAS &#8211; EN PROCESO DE SELECCI\u00d3N<\/li>\n<li>T\u00e9cnico\/a Gesti\u00f3n Subvenciones &#8211; NO ADMITE M\u00c1S CANDIDATURAS<\/li>\n<li>Coordinador territorial Castilla la Mancha &#8211; CERRADO<\/li>\n<li>Coordinador sectorial &#8211; Acci\u00f3n Social -NO ADMITE M\u00c1S CANDIDATURAS &#8211; EN PROCESO DE SELECCI\u00d3N<\/li>\n<li>Auxiliar Secretaria Acad\u00e9mica &#8211; NO ADMITE M\u00c1S CANDIDATURAS<\/li>\n<li>Auxiliar contable &#8211; NO ADMITE M\u00c1S CANDIDATURAS<\/li>\n<li>Coordinador acad\u00e9mico &#8211; CERRADO<\/li>\n<li>Coordinador Territorial &#8211; Castilla y Le\u00f3n &#8211; CERRADO<\/li>\n<li>Coordinador Territorial &#8211; Pa\u00eds Vasco &#8211; CERRADO<\/li>\n<li>Auxiliar de servicios Edificios ESCAC &#8211; CERRADO<\/li>\n<li>Coordinador\/a T\u00e9cnico-acad\u00e9mico &#8211; CERRADO<\/li>\n<li>Dise\u00f1ador\/a gr\u00e1fico junior &#8211; CERRADO<\/li>\n<li>Scout inmobiliario &#8211; CERRADO<\/li>\n<li>Administrativo\/a de Recursos Humanos &#8211; CERRADO<\/li>\n<li>T\u00e9cnico\/a de soporte inform\u00e1tico (HelpDesk) &#8211; CERRADO<\/li>\n<li>Coordinador Territorial &#8211; Andaluc\u00eda &#8211; CERRADO<\/li>\n<li>Coordinador Territorial &#8211; Levante &#8211; CERRADO<\/li>\n<li>Coordinador Territorial &#8211; Canarias &#8211; CERRADO<\/li>\n<li>Coordinador Territorial &#8211; Noroeste &#8211; CERRADO<\/li>\n<li>Coordinador\/a\u00a0Acad\u00e9mico (2 vacantes) &#8211;\u00a0CERRADO<\/li>\n<\/ul>\n<\/li>\n<li>Procesos de selecci\u00f3n de servicios anteriores\n<ul>\n<li>Alquiler de espacios en Barcelona para la impartici\u00f3n del Programa Fast Forward[DOWNLOAD] <a href=\"https:\/\/escac.com\/wp-content\/uploads\/2024\/11\/PPT-PER-AL-LLOGUER-DESPAIS-PER-AL-PROJECTE-FAST-FORWARD\u202fby-ESCAC.pdf\">PPT PER AL LLOGUER D&#8217;ESPAIS PER AL PROJECTE FAST FORWARD\u202fby ESCAC<\/a> [\/DOWNLOAD]Data l\u00edmit per enviament d&#8217;ofertes \u2013 3 de desembre de 2024<br \/>\nAdreces on enviar les ofertes: <a href=\"mailto:gloria.vidal@escac.es\">gloria.vidal@escac.es<\/a> \u2013 <a href=\"mailto:albert.fernandez@escac.es\">albert.fernandez@escac.es<\/a><\/li>\n<li>Alquiler de plat\u00f3 en Madrid\u00a0 para la impartici\u00f3n del Programa Fast Forward[DOWNLOAD] <a href=\"https:\/\/escac.com\/wp-content\/uploads\/2024\/12\/PPT_-Plato-Madrid.pdf\">PPT ALQUILER PLAT\u00d3 EN MADRID <\/a>[\/DOWNLOAD]Fecha l\u00edmite para enviar las ofertas\u2013 10 de desembre de 2024<br \/>\nDirecciones donde enviar las ofertas: <a href=\"mailto:gloria.vidal@escac.es\">gloria.vidal@escac.es<\/a> \u2013 <a href=\"mailto:albert.fernandez@escac.es\">albert.fernandez@escac.es<\/a><\/li>\n<\/ul>\n<\/li>\n<\/ul>\n<p>[\/ACCORDION]<\/p>\n<h3><strong>Procesos de selecci\u00f3n de servicios<\/strong><\/h3>\n<p>Sin ofertas<\/p>\n","protected":false},"excerpt":{"rendered":"<p>Processos de selecci\u00f3 de personal Coordinaci\u00f3 departament Cinebase Incorporaci\u00f3: Immediata Jornada: completa (37,5 h\/setmana) Tipologia del contracte: Contractaci\u00f3 laboral indefinida Retribuci\u00f3: Entre 22.000 i 25.000 \u20ac (a convenir segons el candidat o candidata) Modalitat: Presencial a la seu de l\u2019ESCAC a Terrassa. Adre\u00e7a on enviar les candidatures: base@escac.es amb \u201cOferta de feina: Coordinaci\u00f3 Cinebase\u201d i [&hellip;]<\/p>\n","protected":false},"author":1,"featured_media":0,"parent":0,"menu_order":0,"comment_status":"closed","ping_status":"closed","template":"","meta":{"_acf_changed":false,"footnotes":""},"class_list":["post-49887","page","type-page","status-publish","hentry"],"acf":[],"_links":{"self":[{"href":"https:\/\/escac.com\/ca\/wp-json\/wp\/v2\/pages\/49887","targetHints":{"allow":["GET"]}}],"collection":[{"href":"https:\/\/escac.com\/ca\/wp-json\/wp\/v2\/pages"}],"about":[{"href":"https:\/\/escac.com\/ca\/wp-json\/wp\/v2\/types\/page"}],"author":[{"embeddable":true,"href":"https:\/\/escac.com\/ca\/wp-json\/wp\/v2\/users\/1"}],"replies":[{"embeddable":true,"href":"https:\/\/escac.com\/ca\/wp-json\/wp\/v2\/comments?post=49887"}],"version-history":[{"count":6,"href":"https:\/\/escac.com\/ca\/wp-json\/wp\/v2\/pages\/49887\/revisions"}],"predecessor-version":[{"id":52501,"href":"https:\/\/escac.com\/ca\/wp-json\/wp\/v2\/pages\/49887\/revisions\/52501"}],"wp:attachment":[{"href":"https:\/\/escac.com\/ca\/wp-json\/wp\/v2\/media?parent=49887"}],"curies":[{"name":"wp","href":"https:\/\/api.w.org\/{rel}","templated":true}]}}